{"id":10134,"date":"2024-10-24T11:13:42","date_gmt":"2024-10-24T11:13:42","guid":{"rendered":"https:\/\/akordent.com\/%d0%b4-%d1%80-me%d0%bb%d0%b5%d0%ba-%d0%ba%d1%83%d0%bb%d0%b0%d0%ba\/"},"modified":"2026-03-13T18:19:35","modified_gmt":"2026-03-13T18:19:35","slug":"%d0%b4-%d1%80-me%d0%bb%d0%b5%d0%ba-%d0%ba%d1%83%d0%bb%d0%b0%d0%ba","status":"publish","type":"page","link":"https:\/\/akordent.com\/bg\/%d0%b4-%d1%80-me%d0%bb%d0%b5%d0%ba-%d0%ba%d1%83%d0%bb%d0%b0%d0%ba\/","title":{"rendered":"\u0414-\u0440 Me\u043b\u0435\u043a \u041a\u0423\u041b\u0410\u041a"},"content":{"rendered":"<div class=\"wpb-content-wrapper\"><p>[vc_row woodmart_stretch_content=&#8220;section-stretch-content-no-pd&#8220; woodmart_css_id=&#8220;67153409ccc9d&#8220; responsive_spacing=&#8220;eyJwYXJhbV90eXBlIjoid29vZG1hcnRfcmVzcG9uc2l2ZV9zcGFjaW5nIiwic2VsZWN0b3JfaWQiOiI2NzE1MzQwOWNjYzlkIiwic2hvcnRjb2RlIjoidmNfcm93IiwiZGF0YSI6eyJ0YWJsZXQiOnt9LCJtb2JpbGUiOnt9fX0=&#8220; mobile_bg_img_hidden=&#8220;no&#8220; tablet_bg_img_hidden=&#8220;no&#8220; woodmart_parallax=&#8220;0&#8243; woodmart_gradient_switch=&#8220;no&#8220; woodmart_box_shadow=&#8220;no&#8220; wd_z_index=&#8220;no&#8220; woodmart_disable_overflow=&#8220;0&#8243; row_reverse_mobile=&#8220;0&#8243; row_reverse_tablet=&#8220;0&#8243;][vc_column css=&#8220;.vc_custom_1559911414329{padding-top: 0px !important;}&#8220; mobile_bg_img_hidden=&#8220;no&#8220; tablet_bg_img_hidden=&#8220;no&#8220; woodmart_parallax=&#8220;0&#8243; woodmart_sticky_column=&#8220;false&#8220; parallax_scroll=&#8220;no&#8220; mobile_reset_margin=&#8220;no&#8220; tablet_reset_margin=&#8220;no&#8220;]\t\t<div id=\"wd-671a1d39bdc71\" class=\"wd-image wd-wpb wd-rs-671a1d39bdc71 text-left \">\n\t\t\t\n\t\t\t<img loading=\"lazy\" decoding=\"async\" width=\"1920\" height=\"633\" src=\"https:\/\/akordent.com\/wp-content\/uploads\/2024\/10\/00_banner-rev.jpg\" class=\"attachment-full size-full\" alt=\"\" srcset=\"https:\/\/akordent.com\/wp-content\/uploads\/2024\/10\/00_banner-rev.jpg 1920w, https:\/\/akordent.com\/wp-content\/uploads\/2024\/10\/00_banner-rev-400x132.jpg 400w, https:\/\/akordent.com\/wp-content\/uploads\/2024\/10\/00_banner-rev-1300x429.jpg 1300w, https:\/\/akordent.com\/wp-content\/uploads\/2024\/10\/00_banner-rev-768x253.jpg 768w, https:\/\/akordent.com\/wp-content\/uploads\/2024\/10\/00_banner-rev-1536x506.jpg 1536w, https:\/\/akordent.com\/wp-content\/uploads\/2024\/10\/00_banner-rev-430x142.jpg 430w, https:\/\/akordent.com\/wp-content\/uploads\/2024\/10\/00_banner-rev-700x231.jpg 700w, https:\/\/akordent.com\/wp-content\/uploads\/2024\/10\/00_banner-rev-150x49.jpg 150w\" sizes=\"auto, (max-width: 1920px) 100vw, 1920px\" \/>\n\t\t\t\t\t<\/div>\n\t\t[\/vc_column][\/vc_row][vc_row][vc_column width=&#8220;1\/4&#8243; css=&#8220;.vc_custom_1729767935813{padding-top: 0px !important;padding-right: 0px !important;padding-bottom: 0px !important;background-color: #FFFFFF !important;}&#8220; woodmart_css_id=&#8220;671a29dba92d5&#8243; parallax_scroll=&#8220;no&#8220; woodmart_sticky_column=&#8220;false&#8220; wd_collapsible_content_switcher=&#8220;no&#8220; wd_column_role_offcanvas_desktop=&#8220;no&#8220; wd_column_role_offcanvas_tablet=&#8220;no&#8220; wd_column_role_offcanvas_mobile=&#8220;no&#8220; wd_column_role_content_desktop=&#8220;no&#8220; wd_column_role_content_tablet=&#8220;no&#8220; wd_column_role_content_mobile=&#8220;no&#8220; mobile_bg_img_hidden=&#8220;no&#8220; tablet_bg_img_hidden=&#8220;no&#8220; woodmart_parallax=&#8220;0&#8243; woodmart_box_shadow=&#8220;no&#8220; responsive_spacing=&#8220;eyJwYXJhbV90eXBlIjoid29vZG1hcnRfcmVzcG9uc2l2ZV9zcGFjaW5nIiwic2VsZWN0b3JfaWQiOiI2NzFhMjlkYmE5MmQ1Iiwic2hvcnRjb2RlIjoidmNfY29sdW1uIiwiZGF0YSI6eyJ0YWJsZXQiOnt9LCJtb2JpbGUiOnt9fX0=&#8220; mobile_reset_margin=&#8220;no&#8220; tablet_reset_margin=&#8220;no&#8220; wd_z_index=&#8220;no&#8220;][vc_empty_space height=&#8220;20px&#8220; woodmart_hide_large=&#8220;0&#8243; woodmart_hide_medium=&#8220;0&#8243; woodmart_hide_small=&#8220;0&#8243;]\t\t\t<link rel=\"stylesheet\" id=\"wd-section-title-css\" href=\"https:\/\/akordent.com\/wp-content\/themes\/woodmart\/css\/parts\/el-section-title.min.css?ver=7.6.0\" type=\"text\/css\" media=\"all\" \/> \t\t\t\t\t\t<link rel=\"stylesheet\" id=\"wd-mod-highlighted-text-css\" href=\"https:\/\/akordent.com\/wp-content\/themes\/woodmart\/css\/parts\/mod-highlighted-text.min.css?ver=7.6.0\" type=\"text\/css\" media=\"all\" \/> \t\t\t\n\t\t<div id=\"wd-671a2bcf5619c\" class=\"title-wrapper wd-wpb set-mb-s reset-last-child  wd-rs-671a2bcf5619c wd-title-color-default wd-title-style-default text-left vc_custom_1729768401431 wd-underline-colored\">\n\t\t\t\n\t\t\t<div class=\"liner-continer\">\n\t\t\t\t<h4 class=\"woodmart-title-container title  wd-font-weight-700 wd-fontsize-m\" >\u041d\u0430\u0448\u0438\u044f\u0442 \u0415\u043a\u0438\u043f<\/h4>\n\t\t\t\t\t\t\t<\/div>\n\t\t\t\n\t\t\t\n\t\t\t\n\t\t<\/div>\n\t\t\n\t\t[vc_empty_space height=&#8220;20px&#8220; woodmart_hide_large=&#8220;0&#8243; woodmart_hide_medium=&#8220;0&#8243; woodmart_hide_small=&#8220;0&#8243;]\t\t\t<link rel=\"stylesheet\" id=\"wd-list-css\" href=\"https:\/\/akordent.com\/wp-content\/themes\/woodmart\/css\/parts\/el-list.min.css?ver=7.6.0\" type=\"text\/css\" media=\"all\" \/> \t\t\t\n\t\t<ul class=\" wd-rs-69b4552954bc2 wd-list wd-wpb color-scheme- wd-fontsize-s wd-list-type-icon wd-list-style-default wd-justify-left \" id=\"wd-69b4552954bc2\">\n\t\t\t\t\t\t\t\t\t\t\t<li>\n\t\t\t\t\t<span class=\"list-icon wd-icon fas fa-angle-right\"><\/span>\n\t\t\t\t\t<span class=\"list-content\">\u0414-\u0440 \u0421\u0435\u0437\u0433\u0438\u043d \u0410\u041b\u0422\u042a\u041d\u0414\u0418\u0428 <\/span>\n\t\t\t\t\t\t\t\t\t\t\t<a class=\"wd-fill\" href=\"https:\/\/akordent.com\/bg\/%d0%b4-%d1%80-%d1%81%d0%b5%d0%b7%d0%b3%d0%b8%d0%bd-%d0%b0%d0%bb%d1%82%d1%8a%d0%bd%d0%b4%d0%b8%d1%88\/\" title=\"Dt. Sezgin Alt\u0131ndi\u015f\" aria-label=\"List link\"><\/a>\n\t\t\t\t\t\t\t\t\t<\/li>\n\t\t\t\t\t\t\t\t\t\t\t<li>\n\t\t\t\t\t<span class=\"list-icon wd-icon fas fa-angle-right\"><\/span>\n\t\t\t\t\t<span class=\"list-content\">\u0414-\u0440 Me\u043b\u0435\u043a \u041a\u0423\u041b\u0410\u041a  <\/span>\n\t\t\t\t\t\t\t\t\t\t\t<a class=\"wd-fill\" href=\"https:\/\/akordent.com\/bg\/%d0%b4-%d1%80-me%d0%bb%d0%b5%d0%ba-%d0%ba%d1%83%d0%bb%d0%b0%d0%ba\/\" title=\"Uzm. Dt. Melek Kulak\" aria-label=\"List link\"><\/a>\n\t\t\t\t\t\t\t\t\t<\/li>\n\t\t\t\t\t\t\t\t\t\t\t<li>\n\t\t\t\t\t<span class=\"list-icon wd-icon fas fa-angle-right\"><\/span>\n\t\t\t\t\t<span class=\"list-content\">\u0414\u043e\u0446. \u0434-\u0440 \u0425\u0430\u043b\u0438\u043b \u0427\u0435\u043b\u0438\u043a <\/span>\n\t\t\t\t\t\t\t\t\t\t\t<a class=\"wd-fill\" href=\"https:\/\/akordent.com\/bg\/%d0%b4%d0%be%d1%86-%d0%b4-%d1%80-%d1%85%d0%b0%d0%bb%d0%b8%d0%bb-%d1%87%d0%b5%d0%bb%d0%b8%d0%ba\/\" title=\"Dr. \u00d6\u011fr. \u00dcyesi Halil \u00c7elik\" aria-label=\"List link\"><\/a>\n\t\t\t\t\t\t\t\t\t<\/li>\n\t\t\t\t\t\t\t\t\t\t\t<li>\n\t\t\t\t\t<span class=\"list-icon wd-icon fas fa-angle-right\"><\/span>\n\t\t\t\t\t<span class=\"list-content\">\u0414-\u0440 M\u044e\u043c\u0438\u043d\u0435 \u041a\u0410\u0420\u0410\u0414\u0410\u0410\u041b\u042a  <\/span>\n\t\t\t\t\t\t\t\t\t\t\t<a class=\"wd-fill\" href=\"https:\/\/akordent.com\/bg\/%d0%b4-%d1%80-m%d1%8e%d0%bc%d0%b8%d0%bd%d0%b5-%d0%ba%d0%b0%d1%80%d0%b0%d0%b4%d0%b0%d0%b0%d0%bb%d1%8a\/\" title=\"Uzm. Dt. M\u00fcmine Karada\u011fl\u0131\" aria-label=\"List link\"><\/a>\n\t\t\t\t\t\t\t\t\t<\/li>\n\t\t\t\t\t<\/ul>\n\t\t[\/vc_column][vc_column width=&#8220;3\/4&#8243;][vc_empty_space height=&#8220;20px&#8220; woodmart_hide_large=&#8220;0&#8243; woodmart_hide_medium=&#8220;0&#8243; woodmart_hide_small=&#8220;0&#8243;]\n\t\t<div id=\"wd-671a2b93d0a6e\" class=\"title-wrapper wd-wpb set-mb-s reset-last-child  wd-rs-671a2b93d0a6e wd-title-color-default wd-title-style-default text-left vc_custom_1729768343152 wd-underline-colored\">\n\t\t\t\n\t\t\t<div class=\"liner-continer\">\n\t\t\t\t<h4 class=\"woodmart-title-container title  wd-font-weight-700 wd-fontsize-m\" >\u0414-\u0440 Me\u043b\u0435\u043a \u041a\u0423\u041b\u0410\u041a<\/h4>\n\t\t\t\t\t\t\t<\/div>\n\t\t\t\n\t\t\t\n\t\t\t\n\t\t<\/div>\n\t\t\n\t\t[vc_column_text css=&#8220;.vc_custom_1729768351479{margin-top: -10px !important;}&#8220; woodmart_inline=&#8220;no&#8220; text_larger=&#8220;no&#8220;]<\/p>\n<p class=\"p1\">\u0421\u043f\u0435\u0446\u0438\u0430\u043b\u0438\u0441\u0442 \u043f\u043e \u043e\u0440\u0442\u043e\u0434\u043e\u043d\u0442\u0438\u044f<\/p>\n<p>[\/vc_column_text][vc_column_text css=&#8220;&#8220; woodmart_inline=&#8220;no&#8220; text_larger=&#8220;no&#8220;]<\/p>\n<p class=\"p1\"><img loading=\"lazy\" decoding=\"async\" class=\"wp-image-9450 size-medium alignleft\" src=\"https:\/\/akordent.com\/wp-content\/uploads\/2024\/10\/melek-338x300.jpg\" alt=\"\" width=\"338\" height=\"300\" srcset=\"https:\/\/akordent.com\/wp-content\/uploads\/2024\/10\/melek-338x300.jpg 338w, https:\/\/akordent.com\/wp-content\/uploads\/2024\/10\/melek-430x382.jpg 430w, https:\/\/akordent.com\/wp-content\/uploads\/2024\/10\/melek-150x133.jpg 150w, https:\/\/akordent.com\/wp-content\/uploads\/2024\/10\/melek.jpg 637w\" sizes=\"auto, (max-width: 338px) 100vw, 338px\" \/><\/p>\n<p class=\"p1\"><span style=\"font-size: 14pt;\">\u0420\u043e\u0434\u0435\u043d\u0430 \u0435 \u043f\u0440\u0435\u0437 1988 \u0433. \u0432 \u041a\u044a\u0440\u0434\u0436\u0430\u043b\u0438. \u041e\u0441\u043d\u043e\u0432\u043d\u043e\u0442\u043e \u0441\u0438 \u043e\u0431\u0440\u0430\u0437\u043e\u0432\u0430\u043d\u0438\u0435 \u0437\u0430\u0432\u044a\u0440\u0448\u0432\u0430 \u0432 \u043d\u0430\u0447\u0430\u043b\u043d\u043e\u0442\u043e \u0443\u0447\u0438\u043b\u0438\u0449\u0435 \u201e\u0421\u0430\u043a\u0430\u0440\u044f\u201c \u0432 \u0411\u0443\u0440\u0441\u0430, \u0441\u0440\u0435\u0434\u043d\u043e\u0442\u043e \u0432 \u0443\u0447\u0438\u043b\u0438\u0449\u0435 \u201e\u0414\u0436\u0430\u043d\u0430\u0439\u0434\u044a\u043d\u201c \u0438 \u0433\u0438\u043c\u043d\u0430\u0437\u0438\u044f\u0442\u0430 \u201e\u0425\u044e\u0440\u0440\u0438\u0435\u0442\u201c \u0432 \u0411\u0443\u0440\u0441\u0430. 2012 \u0433. \u0437\u0430\u0432\u044a\u0440\u0448\u0432\u0430 \u0424\u0430\u043a\u0443\u043b\u0442\u0435\u0442\u0430 \u043f\u043e \u0434\u0435\u043d\u0442\u0430\u043b\u043d\u0430 \u043c\u0435\u0434\u0438\u0446\u0438\u043d\u0430 \u0432 \u0423\u043d\u0438\u0432\u0435\u0440\u0441\u0438\u0442\u0435\u0442 ,,\u0425\u0430\u0434\u0436\u0435\u0442\u0442\u0435\u043f\u0435\u2019\u2019 \u0438 \u0437\u0430\u043f\u043e\u0447\u0432\u0430 \u043f\u0440\u043e\u0444\u0435\u0441\u0438\u043e\u043d\u0430\u043b\u043d\u0430\u0442\u0430 \u0441\u0438 \u043a\u0430\u0440\u0438\u0435\u0440\u0430 \u0432 \u0414\u044a\u0440\u0436\u0430\u0432\u043d\u0430 \u0431\u043e\u043b\u043d\u0438\u0446\u0430 ,,\u0413\u0435\u043c\u0435\u0440\u0435\u043a\u2019\u2019 \u0432 \u0433\u0440. \u0421\u0438\u0432\u0430\u0441. \u0420\u0430\u0431\u043e\u0442\u0438 \u0432 \u0414\u044a\u0440\u0436\u0430\u0432\u043d\u0438\u0442\u0435 \u0431\u043e\u043b\u043d\u0438\u0446\u0438 \u0432 \u0433\u0440. \u041a\u0430\u0439\u0441\u0435\u0440\u0438 \u0438 \u0411\u0430\u0430\u0434\u0436\u044a\u043b\u0430\u0440 \u0432 \u0418\u0441\u0442\u0430\u043d\u0431\u0443\u043b, \u0430 \u043f\u043e \u043a\u044a\u0441\u043d\u043e \u0432 \u0447\u0430\u0441\u0442\u043d\u0438\u0442\u0435 \u043a\u043b\u0438\u043d\u0438\u043a\u0438 \u201e\u0418\u043d\u0434\u0436\u0438\u201c \u0432 \u0418\u0441\u0442\u0430\u043d\u0431\u0443\u043b \u0438 \u201e\u0418\u043f\u0435\u043a\u201c \u0432 \u0433\u0440. \u0415\u0441\u043a\u0438\u0448\u0435\u0445\u0438\u0440. \u041c\u0435\u0436\u0434\u0443 2017 \u0438 2022 \u0433. \u0437\u0430\u0432\u044a\u0440\u0448\u0432\u0430 \u0441\u043f\u0435\u0446\u0438\u0430\u043b\u0438\u0437\u0430\u0446\u0438\u044f\u0442\u0430 \u0441\u0438 \u0432 \u041a\u0430\u0442\u0435\u0434\u0440\u0430\u0442\u0430 \u043f\u043e \u043e\u0440\u0442\u043e\u0434\u043e\u043d\u0442\u0438\u044f \u0432 \u0423\u043d\u0438\u0432\u0435\u0440\u0441\u0438\u0442\u0435\u0442 \u041e\u0441\u043c\u0430\u043d\u0433\u0430\u0437\u0438 \u0432 \u0433\u0440. \u0415\u0441\u043a\u0438\u0448\u0435\u0445\u0438\u0440. 2023 \u0433. \u0441\u044a\u0432\u043c\u0435\u0441\u0442\u043d\u043e \u0441 \u043a\u043e\u043b\u0435\u0433\u0438\u0442\u0435 \u0441\u0438 \u043e\u0441\u043d\u043e\u0432\u0430\u0432\u0430\u0442 \u041f\u043e\u043b\u0438\u043a\u043b\u0438\u043d\u0438\u043a\u0430\u0442\u0430 ,,\u0410\u043a\u043e\u0440\u0414\u0415\u041d\u0422\u2019 \u041e\u043c\u044a\u0436\u0435\u043d\u0430 \u0435 \u0438 \u0435 \u043c\u0430\u0439\u043a\u0430 \u043d\u0430 \u0434\u0432\u0435 \u0434\u0435\u0446\u0430. <\/span><\/p>\n<p>[\/vc_column_text][\/vc_column][\/vc_row][vc_row][vc_column][vc_empty_space height=&#8220;132px&#8220; woodmart_hide_large=&#8220;0&#8243; woodmart_hide_medium=&#8220;0&#8243; woodmart_hide_small=&#8220;0&#8243;][\/vc_column][\/vc_row]<\/p>\n<\/div>","protected":false},"excerpt":{"rendered":"<p>[vc_row woodmart_stretch_content=&#8220;section-stretch-content-no-pd&#8220; woodmart_css_id=&#8220;67153409ccc9d&#8220; responsive_spacing=&#8220;eyJwYXJhbV90eXBlIjoid29vZG1hcnRfcmVzcG9uc2l2ZV9zcGFjaW5nIiwic2VsZWN0b3JfaWQiOiI2NzE1MzQwOWNjYzlkIiwic2hvcnRjb2RlIjoidmNfcm93IiwiZGF0YSI6eyJ0YWJsZXQiOnt9LCJtb2JpbGUiOnt9fX0=&#8220; mobile_bg_img_hidden=&#8220;no&#8220; tablet_bg_img_hidden=&#8220;no&#8220; woodmart_parallax=&#8220;0&#8243; woodmart_gradient_switch=&#8220;no&#8220; woodmart_box_shadow=&#8220;no&#8220; wd_z_index=&#8220;no&#8220; woodmart_disable_overflow=&#8220;0&#8243; row_reverse_mobile=&#8220;0&#8243; row_reverse_tablet=&#8220;0&#8243;][vc_column css=&#8220;.vc_custom_1559911414329{padding-top: 0px !important;}&#8220; mobile_bg_img_hidden=&#8220;no&#8220; tablet_bg_img_hidden=&#8220;no&#8220; woodmart_parallax=&#8220;0&#8243; woodmart_sticky_column=&#8220;false&#8220;<\/p>\n","protected":false},"author":1,"featured_media":0,"parent":0,"menu_order":0,"comment_status":"closed","ping_status":"closed","template":"","meta":{"footnotes":""},"class_list":["post-10134","page","type-page","status-publish","hentry"],"_links":{"self":[{"href":"https:\/\/akordent.com\/bg\/wp-json\/wp\/v2\/pages\/10134","targetHints":{"allow":["GET"]}}],"collection":[{"href":"https:\/\/akordent.com\/bg\/wp-json\/wp\/v2\/pages"}],"about":[{"href":"https:\/\/akordent.com\/bg\/wp-json\/wp\/v2\/types\/page"}],"author":[{"embeddable":true,"href":"https:\/\/akordent.com\/bg\/wp-json\/wp\/v2\/users\/1"}],"replies":[{"embeddable":true,"href":"https:\/\/akordent.com\/bg\/wp-json\/wp\/v2\/comments?post=10134"}],"version-history":[{"count":7,"href":"https:\/\/akordent.com\/bg\/wp-json\/wp\/v2\/pages\/10134\/revisions"}],"predecessor-version":[{"id":10683,"href":"https:\/\/akordent.com\/bg\/wp-json\/wp\/v2\/pages\/10134\/revisions\/10683"}],"wp:attachment":[{"href":"https:\/\/akordent.com\/bg\/wp-json\/wp\/v2\/media?parent=10134"}],"curies":[{"name":"wp","href":"https:\/\/api.w.org\/{rel}","templated":true}]}}