{"id":10187,"date":"2024-10-20T17:29:55","date_gmt":"2024-10-20T17:29:55","guid":{"rendered":"https:\/\/akordent.com\/%d1%80%d0%b5%d1%81%d1%82%d0%be%d1%80%d0%b0%d1%82%d0%b8%d0%b2%d0%bd%d0%be-%d0%b7%d1%8a%d0%b1%d0%be%d0%bb%d0%b5%d1%87%d0%b5%d0%bd%d0%b8%d0%b5\/"},"modified":"2024-11-12T20:35:45","modified_gmt":"2024-11-12T20:35:45","slug":"%d1%80%d0%b5%d1%81%d1%82%d0%be%d1%80%d0%b0%d1%82%d0%b8%d0%b2%d0%bd%d0%be-%d0%b7%d1%8a%d0%b1%d0%be%d0%bb%d0%b5%d1%87%d0%b5%d0%bd%d0%b8%d0%b5","status":"publish","type":"page","link":"https:\/\/akordent.com\/bg\/%d1%80%d0%b5%d1%81%d1%82%d0%be%d1%80%d0%b0%d1%82%d0%b8%d0%b2%d0%bd%d0%be-%d0%b7%d1%8a%d0%b1%d0%be%d0%bb%d0%b5%d1%87%d0%b5%d0%bd%d0%b8%d0%b5\/","title":{"rendered":"\u0420\u0435\u0441\u0442\u043e\u0440\u0430\u0442\u0438\u0432\u043d\u043e \u0417\u044a\u0431\u043e\u043b\u0435\u0447\u0435\u043d\u0438\u0435"},"content":{"rendered":"<div class=\"wpb-content-wrapper\"><p>[vc_row woodmart_stretch_content=&#8220;section-stretch-content-no-pd&#8220; woodmart_css_id=&#8220;67153409ccc9d&#8220; responsive_spacing=&#8220;eyJwYXJhbV90eXBlIjoid29vZG1hcnRfcmVzcG9uc2l2ZV9zcGFjaW5nIiwic2VsZWN0b3JfaWQiOiI2NzE1MzQwOWNjYzlkIiwic2hvcnRjb2RlIjoidmNfcm93IiwiZGF0YSI6eyJ0YWJsZXQiOnt9LCJtb2JpbGUiOnt9fX0=&#8220; mobile_bg_img_hidden=&#8220;no&#8220; tablet_bg_img_hidden=&#8220;no&#8220; woodmart_parallax=&#8220;0&#8243; woodmart_gradient_switch=&#8220;no&#8220; woodmart_box_shadow=&#8220;no&#8220; wd_z_index=&#8220;no&#8220; woodmart_disable_overflow=&#8220;0&#8243; row_reverse_mobile=&#8220;0&#8243; row_reverse_tablet=&#8220;0&#8243;][vc_column css=&#8220;.vc_custom_1559911414329{padding-top: 0px !important;}&#8220; mobile_bg_img_hidden=&#8220;no&#8220; tablet_bg_img_hidden=&#8220;no&#8220; woodmart_parallax=&#8220;0&#8243; woodmart_sticky_column=&#8220;false&#8220; parallax_scroll=&#8220;no&#8220; mobile_reset_margin=&#8220;no&#8220; tablet_reset_margin=&#8220;no&#8220;]\t\t<div id=\"wd-67153d8ac442d\" class=\"wd-image wd-wpb wd-rs-67153d8ac442d text-left \">\n\t\t\t\n\t\t\t<img loading=\"lazy\" decoding=\"async\" width=\"1920\" height=\"661\" src=\"https:\/\/akordent.com\/wp-content\/uploads\/2024\/10\/restoratif-banner.jpg\" class=\"attachment-full size-full\" alt=\"\" srcset=\"https:\/\/akordent.com\/wp-content\/uploads\/2024\/10\/restoratif-banner.jpg 1920w, https:\/\/akordent.com\/wp-content\/uploads\/2024\/10\/restoratif-banner-400x138.jpg 400w, https:\/\/akordent.com\/wp-content\/uploads\/2024\/10\/restoratif-banner-1300x448.jpg 1300w, https:\/\/akordent.com\/wp-content\/uploads\/2024\/10\/restoratif-banner-768x264.jpg 768w, https:\/\/akordent.com\/wp-content\/uploads\/2024\/10\/restoratif-banner-1536x529.jpg 1536w, https:\/\/akordent.com\/wp-content\/uploads\/2024\/10\/restoratif-banner-430x148.jpg 430w, https:\/\/akordent.com\/wp-content\/uploads\/2024\/10\/restoratif-banner-700x241.jpg 700w, https:\/\/akordent.com\/wp-content\/uploads\/2024\/10\/restoratif-banner-150x52.jpg 150w\" sizes=\"auto, (max-width: 1920px) 100vw, 1920px\" \/>\n\t\t\t\t\t<\/div>\n\t\t[\/vc_column][\/vc_row][vc_row][vc_column][vc_empty_space height=&#8220;20px&#8220; woodmart_hide_large=&#8220;0&#8243; woodmart_hide_medium=&#8220;0&#8243; woodmart_hide_small=&#8220;0&#8243;]\t\t\t<link rel=\"stylesheet\" id=\"wd-section-title-css\" href=\"https:\/\/akordent.com\/wp-content\/themes\/woodmart\/css\/parts\/el-section-title.min.css?ver=7.6.0\" type=\"text\/css\" media=\"all\" \/> \t\t\t\t\t\t<link rel=\"stylesheet\" id=\"wd-mod-highlighted-text-css\" href=\"https:\/\/akordent.com\/wp-content\/themes\/woodmart\/css\/parts\/mod-highlighted-text.min.css?ver=7.6.0\" type=\"text\/css\" media=\"all\" \/> \t\t\t\n\t\t<div id=\"wd-67153da8639f4\" class=\"title-wrapper wd-wpb set-mb-s reset-last-child  wd-rs-67153da8639f4 wd-title-color-default wd-title-style-default text-left vc_custom_1729445296435 wd-underline-colored\">\n\t\t\t\n\t\t\t<div class=\"liner-continer\">\n\t\t\t\t<h4 class=\"woodmart-title-container title  wd-font-weight-700 wd-fontsize-m\" >\u0420\u0415\u0421\u0422\u041e\u0420\u0410\u0422\u0418\u0412\u041d\u041e \u0417\u042a\u0411\u041e\u041b\u0415\u0427\u0415\u041d\u0418\u0415 \/ \u0415\u0421\u0422\u0415\u0422\u0418\u0427\u0415\u0421\u041a\u0410 \u0421\u0422\u041e\u041c\u0410\u0422\u041e\u041b\u041e\u0413\u0418\u042f<\/h4>\n\t\t\t\t\t\t\t<\/div>\n\t\t\t\n\t\t\t\n\t\t\t\n\t\t<\/div>\n\t\t\n\t\t[vc_empty_space height=&#8220;20px&#8220; woodmart_hide_large=&#8220;0&#8243; woodmart_hide_medium=&#8220;0&#8243; woodmart_hide_small=&#8220;0&#8243;][vc_column_text css=&#8220;&#8220; woodmart_inline=&#8220;no&#8220; text_larger=&#8220;no&#8220;]<span style=\"font-size: 14pt;\">\u0420\u0435\u0441\u0442\u043e\u0440\u0430\u0442\u0438\u0432\u043d\u043e\u0442\u043e \u0437\u044a\u0431\u043e\u043b\u0435\u0447\u0435\u043d\u0438\u0435 \u0435 \u0434\u0438\u0441\u0446\u0438\u043f\u043b\u0438\u043d\u0430, \u043a\u043e\u044f\u0442\u043e \u0432\u044a\u0437\u0441\u0442\u0430\u043d\u043e\u0432\u044f\u0432\u0430 \u0437\u0430\u0433\u0443\u0431\u0435\u043d\u0438\u0442\u0435 \u0437\u044a\u0431\u043d\u0438 \u0442\u044a\u043a\u0430\u043d\u0438 \u043f\u043e\u0440\u0430\u0434\u0438 \u043a\u0430\u0440\u0438\u0435\u0441\u0438 \u0438\u043b\u0438 \u0434\u0440\u0443\u0433\u0438 \u043f\u0440\u0438\u0447\u0438\u043d\u0438, \u043a\u0430\u0442\u043e \u0441\u044a\u0449\u0435\u0432\u0440\u0435\u043c\u0435\u043d\u043d\u043e \u043f\u043e\u0434\u043e\u0431\u0440\u044f\u0432\u0430 \u0435\u0441\u0442\u0435\u0442\u0438\u043a\u0430\u0442\u0430 \u0438 \u0444\u0443\u043d\u043a\u0446\u0438\u044f\u0442\u0430 \u043d\u0430 \u0437\u044a\u0431\u0438\u0442\u0435 \u043d\u0430 \u043f\u0430\u0446\u0438\u0435\u043d\u0442\u0430.<\/span><\/p>\n<p><span style=\"font-size: 14pt;\">\u0415\u0441\u0442\u0435\u0442\u0438\u0447\u0435\u0441\u043a\u0430\u0442\u0430 \u0441\u0442\u043e\u043c\u0430\u0442\u043e\u043b\u043e\u0433\u0438\u044f \u0435 \u043e\u0431\u043b\u0430\u0441\u0442, \u043a\u043e\u044f\u0442\u043e \u043f\u0440\u043e\u043c\u0435\u043d\u044f \u0444\u043e\u0440\u043c\u0430\u0442\u0430 \u0438 \u0446\u0432\u0435\u0442\u0430 \u043d\u0430 \u0437\u044a\u0431\u0438\u0442\u0435, \u0437\u0430 \u0434\u0430 \u043f\u0440\u0438\u0434\u0430\u0434\u0435 \u0435\u0441\u0442\u0435\u0442\u0438\u0447\u0435\u043d \u0432\u0438\u0434 \u043d\u0430 \u043f\u0430\u0446\u0438\u0435\u043d\u0442\u0430.<\/span><\/p>\n<h3><span style=\"font-size: 14pt;\">\u0415\u0441\u0442\u0435\u0442\u0438\u0447\u0435\u0441\u043a\u0430 \u0441\u0442\u043e\u043c\u0430\u0442\u043e\u043b\u043e\u0433\u0438\u044f<\/span><\/h3>\n<p><span style=\"font-size: 14pt;\">\u0417\u044a\u0431\u043d\u0430\u0442\u0430 \u0435\u0441\u0442\u0435\u0442\u0438\u043a\u0430 \u0441\u0435 \u0444\u043e\u043a\u0443\u0441\u0438\u0440\u0430 \u0432\u044a\u0440\u0445\u0443 \u0435\u0441\u0442\u0435\u0442\u0438\u0447\u0435\u0441\u043a\u0438\u044f \u0430\u0441\u043f\u0435\u043a\u0442 \u043d\u0430 \u0443\u0441\u043c\u0438\u0432\u043a\u0430\u0442\u0430 \u0432\u0438. \u0422\u0430\u0437\u0438 \u043e\u0431\u043b\u0430\u0441\u0442 \u0431\u0430\u043b\u0430\u043d\u0441\u0438\u0440\u0430 \u043f\u0440\u043e\u043f\u043e\u0440\u0446\u0438\u0438\u0442\u0435 \u043d\u0430 \u0437\u044a\u0431\u0438\u0442\u0435 \u0438 \u0434\u043e\u043f\u0440\u0438\u043d\u0430\u0441\u044f \u0437\u0430 \u0435\u0441\u0442\u0435\u0441\u0442\u0432\u0435\u043d\u0430\u0442\u0430 \u043a\u0440\u0430\u0441\u043e\u0442\u0430 \u043d\u0430 \u0443\u0441\u043c\u0438\u0432\u043a\u0430\u0442\u0430 \u0432\u0438. \u041a\u0440\u0430\u0441\u0438\u0432\u0430 \u0443\u0441\u043c\u0438\u0432\u043a\u0430 \u043c\u043e\u0436\u0435 \u0434\u0430 \u0438\u043c\u0430 \u043f\u043e\u043b\u043e\u0436\u0438\u0442\u0435\u043b\u0435\u043d \u0435\u0444\u0435\u043a\u0442 \u043a\u0430\u043a\u0442\u043e \u0432\u044a\u0440\u0445\u0443 \u0435\u043c\u043e\u0446\u0438\u043e\u043d\u0430\u043b\u043d\u043e\u0442\u043e, \u0442\u0430\u043a\u0430 \u0438 \u0432\u044a\u0440\u0445\u0443 \u0444\u0438\u0437\u0438\u0447\u0435\u0441\u043a\u043e\u0442\u043e \u0432\u0438 \u0441\u044a\u0441\u0442\u043e\u044f\u043d\u0438\u0435. \u0415\u0441\u0442\u0435\u0442\u0438\u0447\u0435\u0441\u043a\u0430\u0442\u0430 \u0441\u0442\u043e\u043c\u0430\u0442\u043e\u043b\u043e\u0433\u0438\u044f \u043f\u0440\u0435\u0434\u043b\u0430\u0433\u0430 \u0448\u0438\u0440\u043e\u043a \u0441\u043f\u0435\u043a\u0442\u044a\u0440 \u043e\u0442 \u0443\u0441\u043b\u0443\u0433\u0438, \u043e\u0442 \u0442\u0435\u0440\u0430\u043f\u0438\u0438, \u043d\u0430\u0441\u043e\u0447\u0435\u043d\u0438 \u043a\u044a\u043c \u043e\u0441\u0432\u0435\u0442\u044f\u0432\u0430\u043d\u0435 \u043d\u0430 \u0443\u0441\u043c\u0438\u0432\u043a\u0430\u0442\u0430, \u0434\u043e \u043a\u043e\u0440\u0435\u043a\u0446\u0438\u044f \u043d\u0430 \u043d\u0435\u0441\u044a\u0432\u044a\u0440\u0448\u0435\u043d\u0441\u0442\u0432\u0430. \u0417\u0430 \u043f\u043e\u0441\u0442\u0438\u0433\u0430\u043d\u0435\u0442\u043e \u043d\u0430 \u0438\u0434\u0435\u0430\u043b\u043d\u0430\u0442\u0430 \u0443\u0441\u043c\u0438\u0432\u043a\u0430 \u043c\u043e\u0436\u0435 \u0434\u0430 \u0441\u0430 \u043d\u0435\u043e\u0431\u0445\u043e\u0434\u0438\u043c\u0438 \u043c\u043d\u043e\u0436\u0435\u0441\u0442\u0432\u043e \u043f\u0440\u043e\u0446\u0435\u0434\u0443\u0440\u0438..<\/span><br \/>\n<span style=\"font-size: 14pt;\">Di\u015f esteti\u011fi, g\u00fcl\u00fcmsemeyi ayd\u0131nlatmak i\u00e7in pigmentasyon hedefleyen tedavilerden, g\u00fcl\u00fc\u015f\u00fcn\u00fczdeki kusurlar\u0131 d\u00fczeltmeye y\u00f6nelik \u00e7e\u015fitli i\u015flemlere kadar geni\u015f bir yelpazede hizmet sunar. M\u00fckemmel g\u00fcl\u00fcmsemeye ula\u015fmak i\u00e7in birden fazla i\u015flem gerekebilir, bu y\u00fczden ihtiya\u00e7 halinde birden fazla tedavi tercih edebilirsiniz. G\u00fcl\u00fc\u015f\u00fcn\u00fcz \u00f6nemlidir, bu y\u00fczden di\u015f esteti\u011fi de b\u00fcy\u00fck bir \u00f6neme sahiptir. \u0130lk izlenimlerde insanlar\u0131n dikkat etti\u011fi ilk \u015fey g\u00fcl\u00fcmsemenizdir ve bu, sosyal ya\u015fam\u0131n\u0131z\u0131 etkileyebilir. \u0130nsanlar parlak ve \u00e7ekici bir g\u00fcl\u00fcmsemeyi ba\u015far\u0131 ile ili\u015fkilendirirler. Ba\u015far\u0131l\u0131 ki\u015filerin g\u00fcl\u00fc\u015flerine \u00f6zen g\u00f6stermeleri tesad\u00fcf de\u011fildir. Bu, onlar\u0131n iyi bir sosyal hayata sahip olmalar\u0131na ve profesyonel ba\u011flant\u0131lar kurmalar\u0131na yard\u0131mc\u0131 olur. Bir m\u00fclakat ya da bulu\u015fma s\u0131ras\u0131nda, g\u00fcl\u00fc\u015f\u00fcn\u00fcz o an\u0131n olumlu ya da olumsuz ge\u00e7mesini belirleyebilir. \u00d6zg\u00fcven veren \u00e7ekici bir g\u00fcl\u00fcmseme, kalpleri kazanabilir ve sizinle etkile\u015fime giren insanlarda olumlu duygular uyand\u0131r\u0131r. Bu etkiler \u00e7ok ince oldu\u011fu i\u00e7in genellikle fark edilmez. Ba\u015fka bir deyi\u015fle, g\u00fczel bir g\u00fcl\u00fcmseme samimi ve s\u0131cak bir ortam yarat\u0131r, ancak bu etki ince ve dolayl\u0131 yoldan ger\u00e7ekle\u015fir.<\/span><\/p>\n<h3><span style=\"font-size: 14pt;\">\u0415\u0441\u0442\u0435\u0442\u0438\u0447\u043d\u0438 \u0440\u0435\u0441\u0442\u0430\u0432\u0440\u0430\u0446\u0438\u0438 \u043d\u0430 \u043f\u0440\u0435\u0434\u043d\u0438 \u0437\u044a\u0431\u0438<\/span><\/h3>\n<h3><span style=\"font-size: 14pt;\">\u041a\u043e\u043c\u043f\u043e\u0437\u0438\u0442\u043d\u0438 \u0444\u0430\u0441\u0435\u0442\u0438:<\/span><\/h3>\n<p><span style=\"font-size: 14pt;\">\u041a\u043e\u043c\u043f\u043e\u0437\u0438\u0442\u043d\u0438\u0442\u0435 \u0444\u0430\u0441\u0435\u0442\u0438 \u0441\u0430 \u043f\u043e\u0434\u0445\u043e\u0434\u044f\u0449\u0438 \u0437\u0430 \u0441\u0447\u0443\u043f\u0435\u043d\u0438 \u0437\u044a\u0431\u0438 \u0438 \u0437\u0430 \u043f\u0440\u043e\u043c\u044f\u043d\u0430 \u043d\u0430 \u0444\u043e\u0440\u043c\u0430\u0442\u0430. \u0422\u0435 \u043f\u043e\u0437\u0432\u043e\u043b\u044f\u0432\u0430\u0442 \u043f\u043e\u0441\u0442\u0438\u0433\u0430\u043d\u0435 \u043d\u0430 \u0435\u0441\u0442\u0435\u0441\u0442\u0432\u0435\u043d \u0437\u044a\u0431\u0435\u043d \u0446\u0432\u044f\u0442.<\/span><\/p>\n<h3><span style=\"font-size: 14pt;\">\u041f\u043e\u0440\u0446\u0435\u043b\u0430\u043d\u043e\u0432\u0438 \u0444\u0430\u0441\u0435\u0442\u0438 (\u041b\u0430\u043c\u0438\u043d\u0438):<\/span><\/h3>\n<p><span style=\"font-size: 14pt;\">\u0422\u043e\u0432\u0430 \u0435 \u0435\u0441\u0442\u0435\u0442\u0438\u0447\u0435\u0441\u043a\u0430 \u043f\u0440\u043e\u0446\u0435\u0434\u0443\u0440\u0430 \u0437\u0430 \u043f\u0440\u0435\u0434\u043d\u0438 \u0437\u044a\u0431\u0438, \u043f\u0440\u0438 \u043a\u043e\u044f\u0442\u043e \u0441\u0435 \u043e\u0442\u0441\u0442\u0440\u0430\u043d\u044f\u0432\u0430 \u043c\u0438\u043d\u0438\u043c\u0430\u043b\u043d\u0430 \u0447\u0430\u0441\u0442 \u043e\u0442 \u043f\u0440\u0435\u0434\u043d\u0430\u0442\u0430 \u043f\u043e\u0432\u044a\u0440\u0445\u043d\u043e\u0441\u0442 \u043d\u0430 \u0437\u044a\u0431\u0438\u0442\u0435, \u0432\u0437\u0435\u043c\u0430 \u0441\u0435 \u043e\u0442\u043f\u0435\u0447\u0430\u0442\u044a\u043a \u0438 \u0444\u0430\u0441\u0435\u0442\u0438\u0442\u0435 \u0441\u0435 \u043f\u043e\u0441\u0442\u0430\u0432\u044f\u0442 \u043d\u0430 \u0432\u0442\u043e\u0440\u0438\u044f \u0441\u0435\u0430\u043d\u0441.<\/span><\/p>\n<h3><span style=\"font-size: 14pt;\">\u0418\u0437\u0431\u0435\u043b\u0432\u0430\u043d\u0435 \u043d\u0430 \u0437\u044a\u0431\u0438<\/span><\/h3>\n<h3><span style=\"font-size: 14pt;\">\u0418\u0437\u0431\u0435\u043b\u0432\u0430\u043d\u0435\u0442\u043e \u043f\u043e\u0434\u0434\u044a\u0440\u0436\u0430 \u0437\u044a\u0431\u0438\u0442\u0435 \u0431\u0435\u043b\u0438 \u0438 \u0431\u043b\u0435\u0441\u0442\u044f\u0449\u0438, \u043a\u043e\u0435\u0442\u043e \u0435 \u043e\u0442 \u0441\u044a\u0449\u0435\u0441\u0442\u0432\u0435\u043d\u043e \u0437\u043d\u0430\u0447\u0435\u043d\u0438\u0435 \u0437\u0430 \u043f\u0440\u0438\u0432\u043b\u0435\u043a\u0430\u0442\u0435\u043b\u043d\u0430 \u0443\u0441\u043c\u0438\u0432\u043a\u0430. \u0418\u043c\u0430 \u0440\u0430\u0437\u043b\u0438\u0447\u043d\u0438 \u043c\u0435\u0442\u043e\u0434\u0438 \u0437\u0430 \u0438\u0437\u0431\u0435\u043b\u0432\u0430\u043d\u0435:<\/span><\/h3>\n<ol>\n<li><span style=\"font-size: 14pt;\">\u0418\u0437\u0431\u0435\u043b\u0432\u0430\u043d\u0435 \u0432 \u043a\u0430\u0431\u0438\u043d\u0435\u0442\u0430: \u041f\u0440\u043e\u0446\u0435\u0434\u0443\u0440\u0430\u0442\u0430 \u0441\u0435 \u0438\u0437\u0432\u044a\u0440\u0448\u0432\u0430 \u043e\u0442 \u0441\u0442\u043e\u043c\u0430\u0442\u043e\u043b\u043e\u0433, \u043a\u0430\u0442\u043e \u0441\u0435 \u0438\u0437\u043f\u043e\u043b\u0437\u0432\u0430 \u0438\u0437\u0431\u0435\u043b\u0432\u0430\u0449 \u0433\u0435\u043b \u0438 \u043b\u0430\u0437\u0435\u0440\u043d\u0430 \u0441\u0432\u0435\u0442\u043b\u0438\u043d\u0430. \u0420\u0435\u0437\u0443\u043b\u0442\u0430\u0442\u0438\u0442\u0435 \u0441\u0430 \u0432\u0438\u0434\u0438\u043c\u0438 \u0441\u0430\u043c\u043e \u0437\u0430 \u0435\u0434\u0438\u043d \u0447\u0430\u0441.<\/span><\/li>\n<li><span style=\"font-size: 14pt;\">\u0414\u043e\u043c\u0430\u0448\u043d\u043e \u0438\u0437\u0431\u0435\u043b\u0432\u0430\u043d\u0435: \u0418\u0437\u043f\u043e\u043b\u0437\u0432\u0430\u0442 \u0441\u0435 \u0441\u043f\u0435\u0446\u0438\u0430\u043b\u043d\u0438 \u0448\u0438\u043d\u0438 \u0438 \u0433\u0435\u043b. \u041f\u0430\u0446\u0438\u0435\u043d\u0442\u044a\u0442 \u0441\u0430\u043c \u043f\u0440\u0438\u043b\u0430\u0433\u0430 \u043f\u0440\u043e\u0446\u0435\u0434\u0443\u0440\u0430\u0442\u0430 \u0432\u043a\u044a\u0449\u0438 \u0441\u043f\u043e\u0440\u0435\u0434 \u0438\u043d\u0441\u0442\u0440\u0443\u043a\u0446\u0438\u0438\u0442\u0435.<\/span><\/li>\n<li><span style=\"font-size: 14pt;\">\u0418\u0437\u0431\u0435\u043b\u0432\u0430\u043d\u0435 \u043d\u0430 \u0435\u0434\u0438\u043d\u0438\u0447\u0435\u043d \u0437\u044a\u0431 (\u0435\u043d\u0434\u043e\u0434\u043e\u043d\u0442\u0441\u043a\u043e \u0438\u0437\u0431\u0435\u043b\u0432\u0430\u043d\u0435): \u041f\u043e\u0434\u0445\u043e\u0434\u044f\u0449\u043e \u0435 \u0437\u0430 \u0437\u044a\u0431\u0438 \u0441 \u0432\u044a\u0442\u0440\u0435\u0448\u043d\u0430 \u043f\u0440\u043e\u043c\u044f\u043d\u0430 \u043d\u0430 \u0446\u0432\u0435\u0442\u0430, \u043e\u0441\u043e\u0431\u0435\u043d\u043e \u043f\u0440\u0438 \u043a\u043e\u0440\u0435\u043d\u043e\u0432\u043e \u043b\u0435\u0447\u0435\u043d\u0438\u0435.<\/span><\/li>\n<\/ol>\n<h3><span style=\"font-size: 14pt;\">\u041b\u0430\u0437\u0435\u0440\u043d\u043e \u0438\u0437\u0431\u0435\u043b\u0432\u0430\u043d\u0435<\/span><\/h3>\n<p><span style=\"font-size: 14pt;\">\u041b\u0430\u0437\u0435\u0440\u043d\u043e\u0442\u043e \u0438\u0437\u0431\u0435\u043b\u0432\u0430\u043d\u0435 \u0435 \u043d\u0430\u0439-\u0435\u0444\u0435\u043a\u0442\u0438\u0432\u043d\u0438\u044f\u0442 \u043c\u0435\u0442\u043e\u0434 \u0437\u0430 \u043a\u0430\u0431\u0438\u043d\u0435\u0442\u043d\u043e \u0438\u0437\u0431\u0435\u043b\u0432\u0430\u043d\u0435. \u0422\u043e\u0439 \u0432\u043a\u043b\u044e\u0447\u0432\u0430 \u0432\u0438\u0441\u043e\u043a\u043e\u0435\u0444\u0435\u043a\u0442\u0438\u0432\u0435\u043d \u043b\u0430\u0437\u0435\u0440 \u0438 37% \u043f\u0435\u0440\u043e\u043a\u0441\u0438\u0434\u0435\u043d \u0433\u0435\u043b, \u043e\u0441\u0438\u0433\u0443\u0440\u044f\u0432\u0430\u0449 \u0434\u044a\u043b\u0433\u043e\u0442\u0440\u0430\u0439\u043d\u0438 \u0440\u0435\u0437\u0443\u043b\u0442\u0430\u0442\u0438 \u0431\u0435\u0437 \u0443\u0432\u0440\u0435\u0436\u0434\u0430\u043d\u0435 \u043d\u0430 \u0437\u044a\u0431\u0438\u0442\u0435.<\/span>[\/vc_column_text][\/vc_column][\/vc_row]<\/p>\n<\/div>","protected":false},"excerpt":{"rendered":"<p>[vc_row woodmart_stretch_content=&#8220;section-stretch-content-no-pd&#8220; woodmart_css_id=&#8220;67153409ccc9d&#8220; responsive_spacing=&#8220;eyJwYXJhbV90eXBlIjoid29vZG1hcnRfcmVzcG9uc2l2ZV9zcGFjaW5nIiwic2VsZWN0b3JfaWQiOiI2NzE1MzQwOWNjYzlkIiwic2hvcnRjb2RlIjoidmNfcm93IiwiZGF0YSI6eyJ0YWJsZXQiOnt9LCJtb2JpbGUiOnt9fX0=&#8220; mobile_bg_img_hidden=&#8220;no&#8220; tablet_bg_img_hidden=&#8220;no&#8220; woodmart_parallax=&#8220;0&#8243; woodmart_gradient_switch=&#8220;no&#8220; woodmart_box_shadow=&#8220;no&#8220; wd_z_index=&#8220;no&#8220; woodmart_disable_overflow=&#8220;0&#8243; row_reverse_mobile=&#8220;0&#8243; row_reverse_tablet=&#8220;0&#8243;][vc_column css=&#8220;.vc_custom_1559911414329{padding-top: 0px !important;}&#8220; mobile_bg_img_hidden=&#8220;no&#8220; tablet_bg_img_hidden=&#8220;no&#8220; woodmart_parallax=&#8220;0&#8243; woodmart_sticky_column=&#8220;false&#8220;<\/p>\n","protected":false},"author":1,"featured_media":0,"parent":0,"menu_order":0,"comment_status":"closed","ping_status":"closed","template":"","meta":{"footnotes":""},"class_list":["post-10187","page","type-page","status-publish","hentry"],"_links":{"self":[{"href":"https:\/\/akordent.com\/bg\/wp-json\/wp\/v2\/pages\/10187","targetHints":{"allow":["GET"]}}],"collection":[{"href":"https:\/\/akordent.com\/bg\/wp-json\/wp\/v2\/pages"}],"about":[{"href":"https:\/\/akordent.com\/bg\/wp-json\/wp\/v2\/types\/page"}],"author":[{"embeddable":true,"href":"https:\/\/akordent.com\/bg\/wp-json\/wp\/v2\/users\/1"}],"replies":[{"embeddable":true,"href":"https:\/\/akordent.com\/bg\/wp-json\/wp\/v2\/comments?post=10187"}],"version-history":[{"count":5,"href":"https:\/\/akordent.com\/bg\/wp-json\/wp\/v2\/pages\/10187\/revisions"}],"predecessor-version":[{"id":10192,"href":"https:\/\/akordent.com\/bg\/wp-json\/wp\/v2\/pages\/10187\/revisions\/10192"}],"wp:attachment":[{"href":"https:\/\/akordent.com\/bg\/wp-json\/wp\/v2\/media?parent=10187"}],"curies":[{"name":"wp","href":"https:\/\/api.w.org\/{rel}","templated":true}]}}