{"id":10337,"date":"2024-10-24T10:38:49","date_gmt":"2024-10-24T10:38:49","guid":{"rendered":"https:\/\/akordent.com\/dt-sezgin-altindis\/"},"modified":"2026-03-13T18:09:13","modified_gmt":"2026-03-13T18:09:13","slug":"dt-sezgin-altindis","status":"publish","type":"page","link":"https:\/\/akordent.com\/en\/dt-sezgin-altindis\/","title":{"rendered":"Dt. Sezgin Alt\u0131ndi\u015f"},"content":{"rendered":"<div class=\"wpb-content-wrapper\"><p>[vc_row woodmart_stretch_content=&#8221;section-stretch-content-no-pd&#8221; woodmart_css_id=&#8221;67153409ccc9d&#8221; responsive_spacing=&#8221;eyJwYXJhbV90eXBlIjoid29vZG1hcnRfcmVzcG9uc2l2ZV9zcGFjaW5nIiwic2VsZWN0b3JfaWQiOiI2NzE1MzQwOWNjYzlkIiwic2hvcnRjb2RlIjoidmNfcm93IiwiZGF0YSI6eyJ0YWJsZXQiOnt9LCJtb2JpbGUiOnt9fX0=&#8221; mobile_bg_img_hidden=&#8221;no&#8221; tablet_bg_img_hidden=&#8221;no&#8221; woodmart_parallax=&#8221;0&#8243; woodmart_gradient_switch=&#8221;no&#8221; woodmart_box_shadow=&#8221;no&#8221; wd_z_index=&#8221;no&#8221; woodmart_disable_overflow=&#8221;0&#8243; row_reverse_mobile=&#8221;0&#8243; row_reverse_tablet=&#8221;0&#8243;][vc_column css=&#8221;.vc_custom_1559911414329{padding-top: 0px !important;}&#8221; mobile_bg_img_hidden=&#8221;no&#8221; tablet_bg_img_hidden=&#8221;no&#8221; woodmart_parallax=&#8221;0&#8243; woodmart_sticky_column=&#8221;false&#8221; parallax_scroll=&#8221;no&#8221; mobile_reset_margin=&#8221;no&#8221; tablet_reset_margin=&#8221;no&#8221;]\t\t<div id=\"wd-671a1d39bdc71\" class=\"wd-image wd-wpb wd-rs-671a1d39bdc71 text-left \">\n\t\t\t\n\t\t\t<img loading=\"lazy\" decoding=\"async\" width=\"1920\" height=\"633\" src=\"https:\/\/akordent.com\/wp-content\/uploads\/2024\/10\/00_banner-rev.jpg\" class=\"attachment-full size-full\" alt=\"\" srcset=\"https:\/\/akordent.com\/wp-content\/uploads\/2024\/10\/00_banner-rev.jpg 1920w, https:\/\/akordent.com\/wp-content\/uploads\/2024\/10\/00_banner-rev-400x132.jpg 400w, https:\/\/akordent.com\/wp-content\/uploads\/2024\/10\/00_banner-rev-1300x429.jpg 1300w, https:\/\/akordent.com\/wp-content\/uploads\/2024\/10\/00_banner-rev-768x253.jpg 768w, https:\/\/akordent.com\/wp-content\/uploads\/2024\/10\/00_banner-rev-1536x506.jpg 1536w, https:\/\/akordent.com\/wp-content\/uploads\/2024\/10\/00_banner-rev-430x142.jpg 430w, https:\/\/akordent.com\/wp-content\/uploads\/2024\/10\/00_banner-rev-700x231.jpg 700w, https:\/\/akordent.com\/wp-content\/uploads\/2024\/10\/00_banner-rev-150x49.jpg 150w\" sizes=\"auto, (max-width: 1920px) 100vw, 1920px\" \/>\n\t\t\t\t\t<\/div>\n\t\t[\/vc_column][\/vc_row][vc_row][vc_column width=&#8221;1\/4&#8243; css=&#8221;.vc_custom_1729767935813{padding-top: 0px !important;padding-right: 0px !important;padding-bottom: 0px !important;background-color: #FFFFFF !important;}&#8221; woodmart_css_id=&#8221;671a29dba92d5&#8243; parallax_scroll=&#8221;no&#8221; woodmart_sticky_column=&#8221;false&#8221; wd_collapsible_content_switcher=&#8221;no&#8221; wd_column_role_offcanvas_desktop=&#8221;no&#8221; wd_column_role_offcanvas_tablet=&#8221;no&#8221; wd_column_role_offcanvas_mobile=&#8221;no&#8221; wd_column_role_content_desktop=&#8221;no&#8221; wd_column_role_content_tablet=&#8221;no&#8221; wd_column_role_content_mobile=&#8221;no&#8221; mobile_bg_img_hidden=&#8221;no&#8221; tablet_bg_img_hidden=&#8221;no&#8221; woodmart_parallax=&#8221;0&#8243; woodmart_box_shadow=&#8221;no&#8221; responsive_spacing=&#8221;eyJwYXJhbV90eXBlIjoid29vZG1hcnRfcmVzcG9uc2l2ZV9zcGFjaW5nIiwic2VsZWN0b3JfaWQiOiI2NzFhMjlkYmE5MmQ1Iiwic2hvcnRjb2RlIjoidmNfY29sdW1uIiwiZGF0YSI6eyJ0YWJsZXQiOnt9LCJtb2JpbGUiOnt9fX0=&#8221; mobile_reset_margin=&#8221;no&#8221; tablet_reset_margin=&#8221;no&#8221; wd_z_index=&#8221;no&#8221;][vc_empty_space height=&#8221;20px&#8221; woodmart_hide_large=&#8221;0&#8243; woodmart_hide_medium=&#8221;0&#8243; woodmart_hide_small=&#8221;0&#8243;]\t\t\t<link rel=\"stylesheet\" id=\"wd-section-title-css\" href=\"https:\/\/akordent.com\/wp-content\/themes\/woodmart\/css\/parts\/el-section-title.min.css?ver=7.6.0\" type=\"text\/css\" media=\"all\" \/> \t\t\t\t\t\t<link rel=\"stylesheet\" id=\"wd-mod-highlighted-text-css\" href=\"https:\/\/akordent.com\/wp-content\/themes\/woodmart\/css\/parts\/mod-highlighted-text.min.css?ver=7.6.0\" type=\"text\/css\" media=\"all\" \/> \t\t\t\n\t\t<div id=\"wd-671a2b5f7eda3\" class=\"title-wrapper wd-wpb set-mb-s reset-last-child  wd-rs-671a2b5f7eda3 wd-title-color-default wd-title-style-default text-left vc_custom_1729768289895 wd-underline-colored\">\n\t\t\t\n\t\t\t<div class=\"liner-continer\">\n\t\t\t\t<h4 class=\"woodmart-title-container title  wd-font-weight-700 wd-fontsize-m\" >Our Team<\/h4>\n\t\t\t\t\t\t\t<\/div>\n\t\t\t\n\t\t\t\n\t\t\t\n\t\t<\/div>\n\t\t\n\t\t[vc_empty_space height=&#8221;20px&#8221; woodmart_hide_large=&#8221;0&#8243; woodmart_hide_medium=&#8221;0&#8243; woodmart_hide_small=&#8221;0&#8243;]\t\t\t<link rel=\"stylesheet\" id=\"wd-list-css\" href=\"https:\/\/akordent.com\/wp-content\/themes\/woodmart\/css\/parts\/el-list.min.css?ver=7.6.0\" type=\"text\/css\" media=\"all\" \/> \t\t\t\n\t\t<ul class=\" wd-rs-69b452aa78452 wd-list wd-wpb color-scheme- wd-fontsize-s wd-list-type-icon wd-list-style-default wd-justify-left \" id=\"wd-69b452aa78452\">\n\t\t\t\t\t\t\t\t\t\t\t<li>\n\t\t\t\t\t<span class=\"list-icon wd-icon fas fa-angle-right\"><\/span>\n\t\t\t\t\t<span class=\"list-content\">Dt. Sezgin Alt\u0131ndi\u015f <\/span>\n\t\t\t\t\t\t\t\t\t\t\t<a class=\"wd-fill\" href=\"https:\/\/akordent.com\/en\/dt-sezgin-altindis\/\" title=\"Dt. Sezgin Alt\u0131ndi\u015f\" aria-label=\"List link\"><\/a>\n\t\t\t\t\t\t\t\t\t<\/li>\n\t\t\t\t\t\t\t\t\t\t\t<li>\n\t\t\t\t\t<span class=\"list-icon wd-icon fas fa-angle-right\"><\/span>\n\t\t\t\t\t<span class=\"list-content\">Specialist Dr.  Melek Kulak<\/span>\n\t\t\t\t\t\t\t\t\t\t\t<a class=\"wd-fill\" href=\"https:\/\/akordent.com\/en\/specialist-dr-melek-kulak\/\" title=\"Uzm. Dt. Melek Kulak\" aria-label=\"List link\"><\/a>\n\t\t\t\t\t\t\t\t\t<\/li>\n\t\t\t\t\t\t\t\t\t\t\t<li>\n\t\t\t\t\t<span class=\"list-icon wd-icon fas fa-angle-right\"><\/span>\n\t\t\t\t\t<span class=\"list-content\">Assistant Professor Halil Celik <\/span>\n\t\t\t\t\t\t\t\t\t\t\t<a class=\"wd-fill\" href=\"https:\/\/akordent.com\/en\/assistant-professor-halil-celik\/\" title=\"Dr. \u00d6\u011fr. \u00dcyesi Halil \u00c7elik\" aria-label=\"List link\"><\/a>\n\t\t\t\t\t\t\t\t\t<\/li>\n\t\t\t\t\t\t\t\t\t\t\t<li>\n\t\t\t\t\t<span class=\"list-icon wd-icon fas fa-angle-right\"><\/span>\n\t\t\t\t\t<span class=\"list-content\">Specialist Dr.  M\u00fcmine Karada\u011fl\u0131<\/span>\n\t\t\t\t\t\t\t\t\t\t\t<a class=\"wd-fill\" href=\"https:\/\/akordent.com\/en\/specialist-dr-mumine-karadagli\/\" title=\"Uzm. Dt. M\u00fcmine Karada\u011fl\u0131\" aria-label=\"List link\"><\/a>\n\t\t\t\t\t\t\t\t\t<\/li>\n\t\t\t\t\t<\/ul>\n\t\t[\/vc_column][vc_column width=&#8221;3\/4&#8243;][vc_empty_space height=&#8221;20px&#8221; woodmart_hide_large=&#8221;0&#8243; woodmart_hide_medium=&#8221;0&#8243; woodmart_hide_small=&#8221;0&#8243;]\n\t\t<div id=\"wd-671a28629e47c\" class=\"title-wrapper wd-wpb set-mb-s reset-last-child  wd-rs-671a28629e47c wd-title-color-default wd-title-style-default text-left vc_custom_1729767526195 wd-underline-colored\">\n\t\t\t\n\t\t\t<div class=\"liner-continer\">\n\t\t\t\t<h4 class=\"woodmart-title-container title  wd-font-weight-700 wd-fontsize-m\" >Dt. Sezgin Alt\u0131ndi\u015f<\/h4>\n\t\t\t\t\t\t\t<\/div>\n\t\t\t\n\t\t\t\n\t\t\t\n\t\t<\/div>\n\t\t\n\t\t[vc_column_text css=&#8221;.vc_custom_1729767565829{margin-top: -10px !important;}&#8221; woodmart_inline=&#8221;no&#8221; text_larger=&#8221;no&#8221;]<\/p>\n<p class=\"p1\">Dentist \/ Responsible Manager<\/p>\n<p>[\/vc_column_text][vc_column_text css=&#8221;&#8221; woodmart_inline=&#8221;no&#8221; text_larger=&#8221;no&#8221;]<\/p>\n<p class=\"p1\"><img loading=\"lazy\" decoding=\"async\" class=\"size-medium wp-image-9451 alignleft\" src=\"https:\/\/akordent.com\/wp-content\/uploads\/2024\/10\/serkan-338x300.jpg\" alt=\"\" width=\"338\" height=\"300\" srcset=\"https:\/\/akordent.com\/wp-content\/uploads\/2024\/10\/serkan-338x300.jpg 338w, https:\/\/akordent.com\/wp-content\/uploads\/2024\/10\/serkan-430x382.jpg 430w, https:\/\/akordent.com\/wp-content\/uploads\/2024\/10\/serkan-150x133.jpg 150w, https:\/\/akordent.com\/wp-content\/uploads\/2024\/10\/serkan.jpg 637w\" sizes=\"auto, (max-width: 338px) 100vw, 338px\" \/><span style=\"font-size: 14pt;\">He was born in 1972 in E\u011fridere \/ K\u0131rcaali , Bulgaria . After completing his primary, secondary and high school education in his hometown, he was subjected to forced migration in 1990 and settled in Bursa, Turkey with his family. He graduated from Ege University, Faculty of Dentistry in 1996. After completing his compulsory military service as a second lieutenant physician in 1998, he started his profession in his private clinic in Bursa. He continued his professional life at Arya Oral and Dental Health Polyclinic, and then started to work at <b>AkorDent<\/b> Oral and Dental Health Polyclinic of which he is a founding partner. As a result of his 30-year devoted career, thousands of people are smiling healthier and more confidently thanks to his skillful hands. In his spare time, Mr. Sezgin Alt\u0131ndi\u015f is interested in painting, which he is very talented at. In his own words, the reason why he did not choose painting as a career is that he is not as talented as Pablo Picasso, which is one of the examples that reflects his perfectionist temperament. He speaks Bulgarian and Russian fluently. He is married and has a son. <\/span><\/p>\n<p>[\/vc_column_text][\/vc_column][\/vc_row][vc_row][vc_column][vc_empty_space height=&#8221;132px&#8221; woodmart_hide_large=&#8221;0&#8243; woodmart_hide_medium=&#8221;0&#8243; woodmart_hide_small=&#8221;0&#8243;][\/vc_column][\/vc_row]<\/p>\n<\/div>","protected":false},"excerpt":{"rendered":"<p>[vc_row woodmart_stretch_content=&#8221;section-stretch-content-no-pd&#8221; woodmart_css_id=&#8221;67153409ccc9d&#8221; responsive_spacing=&#8221;eyJwYXJhbV90eXBlIjoid29vZG1hcnRfcmVzcG9uc2l2ZV9zcGFjaW5nIiwic2VsZWN0b3JfaWQiOiI2NzE1MzQwOWNjYzlkIiwic2hvcnRjb2RlIjoidmNfcm93IiwiZGF0YSI6eyJ0YWJsZXQiOnt9LCJtb2JpbGUiOnt9fX0=&#8221; mobile_bg_img_hidden=&#8221;no&#8221; tablet_bg_img_hidden=&#8221;no&#8221; woodmart_parallax=&#8221;0&#8243; woodmart_gradient_switch=&#8221;no&#8221; woodmart_box_shadow=&#8221;no&#8221; wd_z_index=&#8221;no&#8221; woodmart_disable_overflow=&#8221;0&#8243; row_reverse_mobile=&#8221;0&#8243; row_reverse_tablet=&#8221;0&#8243;][vc_column css=&#8221;.vc_custom_1559911414329{padding-top: 0px !important;}&#8221; mobile_bg_img_hidden=&#8221;no&#8221; tablet_bg_img_hidden=&#8221;no&#8221; woodmart_parallax=&#8221;0&#8243; woodmart_sticky_column=&#8221;false&#8221;<\/p>\n","protected":false},"author":1,"featured_media":0,"parent":0,"menu_order":0,"comment_status":"closed","ping_status":"closed","template":"","meta":{"footnotes":""},"class_list":["post-10337","page","type-page","status-publish","hentry"],"_links":{"self":[{"href":"https:\/\/akordent.com\/en\/wp-json\/wp\/v2\/pages\/10337","targetHints":{"allow":["GET"]}}],"collection":[{"href":"https:\/\/akordent.com\/en\/wp-json\/wp\/v2\/pages"}],"about":[{"href":"https:\/\/akordent.com\/en\/wp-json\/wp\/v2\/types\/page"}],"author":[{"embeddable":true,"href":"https:\/\/akordent.com\/en\/wp-json\/wp\/v2\/users\/1"}],"replies":[{"embeddable":true,"href":"https:\/\/akordent.com\/en\/wp-json\/wp\/v2\/comments?post=10337"}],"version-history":[{"count":7,"href":"https:\/\/akordent.com\/en\/wp-json\/wp\/v2\/pages\/10337\/revisions"}],"predecessor-version":[{"id":10669,"href":"https:\/\/akordent.com\/en\/wp-json\/wp\/v2\/pages\/10337\/revisions\/10669"}],"wp:attachment":[{"href":"https:\/\/akordent.com\/en\/wp-json\/wp\/v2\/media?parent=10337"}],"curies":[{"name":"wp","href":"https:\/\/api.w.org\/{rel}","templated":true}]}}