{"id":10363,"date":"2024-10-24T11:18:02","date_gmt":"2024-10-24T11:18:02","guid":{"rendered":"https:\/\/akordent.com\/specialist-dr-mumine-karadagli\/"},"modified":"2026-03-13T18:10:18","modified_gmt":"2026-03-13T18:10:18","slug":"specialist-dr-mumine-karadagli","status":"publish","type":"page","link":"https:\/\/akordent.com\/en\/specialist-dr-mumine-karadagli\/","title":{"rendered":"Specialist Dr.  M\u00fcmine Karada\u011fl\u0131"},"content":{"rendered":"<div class=\"wpb-content-wrapper\"><p>[vc_row woodmart_stretch_content=&#8221;section-stretch-content-no-pd&#8221; woodmart_css_id=&#8221;67153409ccc9d&#8221; responsive_spacing=&#8221;eyJwYXJhbV90eXBlIjoid29vZG1hcnRfcmVzcG9uc2l2ZV9zcGFjaW5nIiwic2VsZWN0b3JfaWQiOiI2NzE1MzQwOWNjYzlkIiwic2hvcnRjb2RlIjoidmNfcm93IiwiZGF0YSI6eyJ0YWJsZXQiOnt9LCJtb2JpbGUiOnt9fX0=&#8221; mobile_bg_img_hidden=&#8221;no&#8221; tablet_bg_img_hidden=&#8221;no&#8221; woodmart_parallax=&#8221;0&#8243; woodmart_gradient_switch=&#8221;no&#8221; woodmart_box_shadow=&#8221;no&#8221; wd_z_index=&#8221;no&#8221; woodmart_disable_overflow=&#8221;0&#8243; row_reverse_mobile=&#8221;0&#8243; row_reverse_tablet=&#8221;0&#8243;][vc_column css=&#8221;.vc_custom_1559911414329{padding-top: 0px !important;}&#8221; mobile_bg_img_hidden=&#8221;no&#8221; tablet_bg_img_hidden=&#8221;no&#8221; woodmart_parallax=&#8221;0&#8243; woodmart_sticky_column=&#8221;false&#8221; parallax_scroll=&#8221;no&#8221; mobile_reset_margin=&#8221;no&#8221; tablet_reset_margin=&#8221;no&#8221;]\t\t<div id=\"wd-671a1d39bdc71\" class=\"wd-image wd-wpb wd-rs-671a1d39bdc71 text-left \">\n\t\t\t\n\t\t\t<img loading=\"lazy\" decoding=\"async\" width=\"1920\" height=\"633\" src=\"https:\/\/akordent.com\/wp-content\/uploads\/2024\/10\/00_banner-rev.jpg\" class=\"attachment-full size-full\" alt=\"\" srcset=\"https:\/\/akordent.com\/wp-content\/uploads\/2024\/10\/00_banner-rev.jpg 1920w, https:\/\/akordent.com\/wp-content\/uploads\/2024\/10\/00_banner-rev-400x132.jpg 400w, https:\/\/akordent.com\/wp-content\/uploads\/2024\/10\/00_banner-rev-1300x429.jpg 1300w, https:\/\/akordent.com\/wp-content\/uploads\/2024\/10\/00_banner-rev-768x253.jpg 768w, https:\/\/akordent.com\/wp-content\/uploads\/2024\/10\/00_banner-rev-1536x506.jpg 1536w, https:\/\/akordent.com\/wp-content\/uploads\/2024\/10\/00_banner-rev-430x142.jpg 430w, https:\/\/akordent.com\/wp-content\/uploads\/2024\/10\/00_banner-rev-700x231.jpg 700w, https:\/\/akordent.com\/wp-content\/uploads\/2024\/10\/00_banner-rev-150x49.jpg 150w\" sizes=\"auto, (max-width: 1920px) 100vw, 1920px\" \/>\n\t\t\t\t\t<\/div>\n\t\t[\/vc_column][\/vc_row][vc_row][vc_column width=&#8221;1\/4&#8243; css=&#8221;.vc_custom_1729767935813{padding-top: 0px !important;padding-right: 0px !important;padding-bottom: 0px !important;background-color: #FFFFFF !important;}&#8221; woodmart_css_id=&#8221;671a29dba92d5&#8243; parallax_scroll=&#8221;no&#8221; woodmart_sticky_column=&#8221;false&#8221; wd_collapsible_content_switcher=&#8221;no&#8221; wd_column_role_offcanvas_desktop=&#8221;no&#8221; wd_column_role_offcanvas_tablet=&#8221;no&#8221; wd_column_role_offcanvas_mobile=&#8221;no&#8221; wd_column_role_content_desktop=&#8221;no&#8221; wd_column_role_content_tablet=&#8221;no&#8221; wd_column_role_content_mobile=&#8221;no&#8221; mobile_bg_img_hidden=&#8221;no&#8221; tablet_bg_img_hidden=&#8221;no&#8221; woodmart_parallax=&#8221;0&#8243; woodmart_box_shadow=&#8221;no&#8221; responsive_spacing=&#8221;eyJwYXJhbV90eXBlIjoid29vZG1hcnRfcmVzcG9uc2l2ZV9zcGFjaW5nIiwic2VsZWN0b3JfaWQiOiI2NzFhMjlkYmE5MmQ1Iiwic2hvcnRjb2RlIjoidmNfY29sdW1uIiwiZGF0YSI6eyJ0YWJsZXQiOnt9LCJtb2JpbGUiOnt9fX0=&#8221; mobile_reset_margin=&#8221;no&#8221; tablet_reset_margin=&#8221;no&#8221; wd_z_index=&#8221;no&#8221;][vc_empty_space height=&#8221;20px&#8221; woodmart_hide_large=&#8221;0&#8243; woodmart_hide_medium=&#8221;0&#8243; woodmart_hide_small=&#8221;0&#8243;]\t\t\t<link rel=\"stylesheet\" id=\"wd-section-title-css\" href=\"https:\/\/akordent.com\/wp-content\/themes\/woodmart\/css\/parts\/el-section-title.min.css?ver=7.6.0\" type=\"text\/css\" media=\"all\" \/> \t\t\t\t\t\t<link rel=\"stylesheet\" id=\"wd-mod-highlighted-text-css\" href=\"https:\/\/akordent.com\/wp-content\/themes\/woodmart\/css\/parts\/mod-highlighted-text.min.css?ver=7.6.0\" type=\"text\/css\" media=\"all\" \/> \t\t\t\n\t\t<div id=\"wd-671a2bcf5619c\" class=\"title-wrapper wd-wpb set-mb-s reset-last-child  wd-rs-671a2bcf5619c wd-title-color-default wd-title-style-default text-left vc_custom_1729768401431 wd-underline-colored\">\n\t\t\t\n\t\t\t<div class=\"liner-continer\">\n\t\t\t\t<h4 class=\"woodmart-title-container title  wd-font-weight-700 wd-fontsize-m\" >Our Team<\/h4>\n\t\t\t\t\t\t\t<\/div>\n\t\t\t\n\t\t\t\n\t\t\t\n\t\t<\/div>\n\t\t\n\t\t[vc_empty_space height=&#8221;20px&#8221; woodmart_hide_large=&#8221;0&#8243; woodmart_hide_medium=&#8221;0&#8243; woodmart_hide_small=&#8221;0&#8243;]\t\t\t<link rel=\"stylesheet\" id=\"wd-list-css\" href=\"https:\/\/akordent.com\/wp-content\/themes\/woodmart\/css\/parts\/el-list.min.css?ver=7.6.0\" type=\"text\/css\" media=\"all\" \/> \t\t\t\n\t\t<ul class=\" wd-rs-69b45301c2506 wd-list wd-wpb color-scheme- wd-fontsize-s wd-list-type-icon wd-list-style-default wd-justify-left \" id=\"wd-69b45301c2506\">\n\t\t\t\t\t\t\t\t\t\t\t<li>\n\t\t\t\t\t<span class=\"list-icon wd-icon fas fa-angle-right\"><\/span>\n\t\t\t\t\t<span class=\"list-content\">Dt. Sezgin Alt\u0131ndi\u015f <\/span>\n\t\t\t\t\t\t\t\t\t\t\t<a class=\"wd-fill\" href=\"https:\/\/akordent.com\/en\/dt-sezgin-altindis\/\" title=\"Dt. Sezgin Alt\u0131ndi\u015f\" aria-label=\"List link\"><\/a>\n\t\t\t\t\t\t\t\t\t<\/li>\n\t\t\t\t\t\t\t\t\t\t\t<li>\n\t\t\t\t\t<span class=\"list-icon wd-icon fas fa-angle-right\"><\/span>\n\t\t\t\t\t<span class=\"list-content\">Specialist Dr.  Melek Kulak<\/span>\n\t\t\t\t\t\t\t\t\t\t\t<a class=\"wd-fill\" href=\"https:\/\/akordent.com\/en\/specialist-dr-melek-kulak\/\" title=\"Uzm. Dt. Melek Kulak\" aria-label=\"List link\"><\/a>\n\t\t\t\t\t\t\t\t\t<\/li>\n\t\t\t\t\t\t\t\t\t\t\t<li>\n\t\t\t\t\t<span class=\"list-icon wd-icon fas fa-angle-right\"><\/span>\n\t\t\t\t\t<span class=\"list-content\">Assistant Professor Halil Celik <\/span>\n\t\t\t\t\t\t\t\t\t\t\t<a class=\"wd-fill\" href=\"https:\/\/akordent.com\/en\/assistant-professor-halil-celik\/\" title=\"Dr. \u00d6\u011fr. \u00dcyesi Halil \u00c7elik\" aria-label=\"List link\"><\/a>\n\t\t\t\t\t\t\t\t\t<\/li>\n\t\t\t\t\t\t\t\t\t\t\t<li>\n\t\t\t\t\t<span class=\"list-icon wd-icon fas fa-angle-right\"><\/span>\n\t\t\t\t\t<span class=\"list-content\">Specialist Dr.  M\u00fcmine Karada\u011fl\u0131<\/span>\n\t\t\t\t\t\t\t\t\t\t\t<a class=\"wd-fill\" href=\"https:\/\/akordent.com\/en\/specialist-dr-mumine-karadagli\/\" title=\"Uzm. Dt. M\u00fcmine Karada\u011fl\u0131\" aria-label=\"List link\"><\/a>\n\t\t\t\t\t\t\t\t\t<\/li>\n\t\t\t\t\t<\/ul>\n\t\t[\/vc_column][vc_column width=&#8221;3\/4&#8243;][vc_empty_space height=&#8221;20px&#8221; woodmart_hide_large=&#8221;0&#8243; woodmart_hide_medium=&#8221;0&#8243; woodmart_hide_small=&#8221;0&#8243;]\n\t\t<div id=\"wd-671a2cafe2263\" class=\"title-wrapper wd-wpb set-mb-s reset-last-child  wd-rs-671a2cafe2263 wd-title-color-default wd-title-style-default text-left vc_custom_1729768628995 wd-underline-colored\">\n\t\t\t\n\t\t\t<div class=\"liner-continer\">\n\t\t\t\t<h4 class=\"woodmart-title-container title  wd-font-weight-700 wd-fontsize-m\" >Specialist Dr. M\u00fcmine Karada\u011fl\u0131<\/h4>\n\t\t\t\t\t\t\t<\/div>\n\t\t\t\n\t\t\t\n\t\t\t\n\t\t<\/div>\n\t\t\n\t\t[vc_column_text css=&#8221;.vc_custom_1729768638539{margin-top: -10px !important;}&#8221; woodmart_inline=&#8221;no&#8221; text_larger=&#8221;no&#8221;]<\/p>\n<p class=\"p1\">Endodontics Specialist<\/p>\n<p>[\/vc_column_text][vc_column_text css=&#8221;&#8221; woodmart_inline=&#8221;no&#8221; text_larger=&#8221;no&#8221;]<\/p>\n<p class=\"p1\"><span style=\"font-size: 14pt;\"><img loading=\"lazy\" decoding=\"async\" class=\"wp-image-9542 size-medium alignleft\" src=\"https:\/\/akordent.com\/wp-content\/uploads\/2024\/10\/04_mumune_karadagli_01-333x300.jpg\" alt=\"\" width=\"333\" height=\"300\" srcset=\"https:\/\/akordent.com\/wp-content\/uploads\/2024\/10\/04_mumune_karadagli_01-333x300.jpg 333w, https:\/\/akordent.com\/wp-content\/uploads\/2024\/10\/04_mumune_karadagli_01-889x800.jpg 889w, https:\/\/akordent.com\/wp-content\/uploads\/2024\/10\/04_mumune_karadagli_01-768x691.jpg 768w, https:\/\/akordent.com\/wp-content\/uploads\/2024\/10\/04_mumune_karadagli_01-430x387.jpg 430w, https:\/\/akordent.com\/wp-content\/uploads\/2024\/10\/04_mumune_karadagli_01-700x630.jpg 700w, https:\/\/akordent.com\/wp-content\/uploads\/2024\/10\/04_mumune_karadagli_01-150x135.jpg 150w, https:\/\/akordent.com\/wp-content\/uploads\/2024\/10\/04_mumune_karadagli_01.jpg 900w\" sizes=\"auto, (max-width: 333px) 100vw, 333px\" \/><\/span><\/p>\n<p><span style=\"font-size: 14pt;\">After graduating from Ankara University Faculty of Dentistry in 2019, she successfully completed her specialist training in endodontics at Abant \u0130zzet Baysal University.\u200b\u200b\u200b\u200b\u200b\u200b\u200b\u200b<\/span><\/p>\n<p><span style=\"font-size: 14pt;\">She has participated in many national and international courses and congresses :\u200b<\/span><\/p>\n<ul>\n<li><span style=\"font-size: 14pt;\">Posterior Direct and Indirect Restorations \u2013 Dr. Hakan \u00c7olak , Istanbul<\/span><\/li>\n<li><span style=\"font-size: 14pt;\">Anterior Aesthetic Restorations \u2013 Prof. Dr. Nazmiye D\u00f6nmez , Bolu<\/span><\/li>\n<\/ul>\n<p><strong><span style=\"font-size: 14pt;\">Endodontics Case Class\u200b\u200b\u200b<\/span><\/strong><\/p>\n<ul>\n<li><span style=\"font-size: 14pt;\">Root Canal Filling Techniques, Expert Assoc. Prof. Kadriye \u00d6zday\u0131<\/span><\/li>\n<li><span style=\"font-size: 14pt;\">Pre-Endodontic Build-up, Dr. U\u011fur Aksoy\u200b<\/span><\/li>\n<li><span style=\"font-size: 14pt;\">Retreatment and Apical Surgery, Dr. Erdal Pehlivano\u011flu<\/span><\/li>\n<\/ul>\n<p><strong><span style=\"font-size: 14pt;\">Restorative Dentistry Case Class\u200b\u200b\u200b\u200b\u200b\u200b<\/span><\/strong><\/p>\n<ul>\n<li><span style=\"font-size: 14pt;\">Composite Restorations in Anterior Fractures and Diastemas , G\u00f6khan Dokumac\u0131gil<\/span><\/li>\n<li><span style=\"font-size: 14pt;\">Composite Laminate Restorations , H\u00fcseyin Hat\u0131rl\u0131\u200b\u200b<\/span><\/li>\n<li><span style=\"font-size: 14pt;\">Current Whitening Techniques , Derya Gursel Surmelioglu\u200b\u200b<\/span><\/li>\n<\/ul>\n<p><strong><span style=\"font-size: 14pt;\">International Congress Participation\u200b\u200b\u200b\u200b\u200b<\/span><\/strong><\/p>\n<ul>\n<li><span style=\"font-size: 14pt;\">Greatist International Dentistry Congress , 2017 , Istanbul\u200b<\/span><\/li>\n<li><span style=\"font-size: 14pt;\">Greatist International Dentistry Congress , 2018 , Istanbul\u200b<\/span><\/li>\n<li><span style=\"font-size: 14pt;\">15th International Congress of Turkish Endodontics Association , 2023, Bursa<\/span><\/li>\n<\/ul>\n<p><span style=\"font-size: 14pt;\">her knowledge and experience in current endodontic and restorative dentistry practices , she always aims to offer her patients the best treatment options .<\/span><\/p>\n<p>[\/vc_column_text][\/vc_column][\/vc_row][vc_row][vc_column][vc_empty_space height=&#8221;132px&#8221; woodmart_hide_large=&#8221;0&#8243; woodmart_hide_medium=&#8221;0&#8243; woodmart_hide_small=&#8221;0&#8243;][\/vc_column][\/vc_row]<\/p>\n<\/div>","protected":false},"excerpt":{"rendered":"<p>[vc_row woodmart_stretch_content=&#8221;section-stretch-content-no-pd&#8221; woodmart_css_id=&#8221;67153409ccc9d&#8221; responsive_spacing=&#8221;eyJwYXJhbV90eXBlIjoid29vZG1hcnRfcmVzcG9uc2l2ZV9zcGFjaW5nIiwic2VsZWN0b3JfaWQiOiI2NzE1MzQwOWNjYzlkIiwic2hvcnRjb2RlIjoidmNfcm93IiwiZGF0YSI6eyJ0YWJsZXQiOnt9LCJtb2JpbGUiOnt9fX0=&#8221; mobile_bg_img_hidden=&#8221;no&#8221; tablet_bg_img_hidden=&#8221;no&#8221; woodmart_parallax=&#8221;0&#8243; woodmart_gradient_switch=&#8221;no&#8221; woodmart_box_shadow=&#8221;no&#8221; wd_z_index=&#8221;no&#8221; woodmart_disable_overflow=&#8221;0&#8243; row_reverse_mobile=&#8221;0&#8243; row_reverse_tablet=&#8221;0&#8243;][vc_column css=&#8221;.vc_custom_1559911414329{padding-top: 0px !important;}&#8221; mobile_bg_img_hidden=&#8221;no&#8221; tablet_bg_img_hidden=&#8221;no&#8221; woodmart_parallax=&#8221;0&#8243; woodmart_sticky_column=&#8221;false&#8221;<\/p>\n","protected":false},"author":1,"featured_media":0,"parent":0,"menu_order":0,"comment_status":"closed","ping_status":"closed","template":"","meta":{"footnotes":""},"class_list":["post-10363","page","type-page","status-publish","hentry"],"_links":{"self":[{"href":"https:\/\/akordent.com\/en\/wp-json\/wp\/v2\/pages\/10363","targetHints":{"allow":["GET"]}}],"collection":[{"href":"https:\/\/akordent.com\/en\/wp-json\/wp\/v2\/pages"}],"about":[{"href":"https:\/\/akordent.com\/en\/wp-json\/wp\/v2\/types\/page"}],"author":[{"embeddable":true,"href":"https:\/\/akordent.com\/en\/wp-json\/wp\/v2\/users\/1"}],"replies":[{"embeddable":true,"href":"https:\/\/akordent.com\/en\/wp-json\/wp\/v2\/comments?post=10363"}],"version-history":[{"count":10,"href":"https:\/\/akordent.com\/en\/wp-json\/wp\/v2\/pages\/10363\/revisions"}],"predecessor-version":[{"id":10672,"href":"https:\/\/akordent.com\/en\/wp-json\/wp\/v2\/pages\/10363\/revisions\/10672"}],"wp:attachment":[{"href":"https:\/\/akordent.com\/en\/wp-json\/wp\/v2\/media?parent=10363"}],"curies":[{"name":"wp","href":"https:\/\/api.w.org\/{rel}","templated":true}]}}