{"id":10394,"date":"2024-10-20T17:02:21","date_gmt":"2024-10-20T17:02:21","guid":{"rendered":"https:\/\/akordent.com\/periodontology\/"},"modified":"2024-11-26T16:15:15","modified_gmt":"2024-11-26T16:15:15","slug":"periodontology","status":"publish","type":"page","link":"https:\/\/akordent.com\/en\/periodontology\/","title":{"rendered":"Periodontology"},"content":{"rendered":"<div class=\"wpb-content-wrapper\"><p>[vc_row woodmart_stretch_content=&#8221;section-stretch-content-no-pd&#8221; woodmart_css_id=&#8221;67153409ccc9d&#8221; responsive_spacing=&#8221;eyJwYXJhbV90eXBlIjoid29vZG1hcnRfcmVzcG9uc2l2ZV9zcGFjaW5nIiwic2VsZWN0b3JfaWQiOiI2NzE1MzQwOWNjYzlkIiwic2hvcnRjb2RlIjoidmNfcm93IiwiZGF0YSI6eyJ0YWJsZXQiOnt9LCJtb2JpbGUiOnt9fX0=&#8221; mobile_bg_img_hidden=&#8221;no&#8221; tablet_bg_img_hidden=&#8221;no&#8221; woodmart_parallax=&#8221;0&#8243; woodmart_gradient_switch=&#8221;no&#8221; woodmart_box_shadow=&#8221;no&#8221; wd_z_index=&#8221;no&#8221; woodmart_disable_overflow=&#8221;0&#8243; row_reverse_mobile=&#8221;0&#8243; row_reverse_tablet=&#8221;0&#8243;][vc_column css=&#8221;.vc_custom_1559911414329{padding-top: 0px !important;}&#8221; mobile_bg_img_hidden=&#8221;no&#8221; tablet_bg_img_hidden=&#8221;no&#8221; woodmart_parallax=&#8221;0&#8243; woodmart_sticky_column=&#8221;false&#8221; parallax_scroll=&#8221;no&#8221; mobile_reset_margin=&#8221;no&#8221; tablet_reset_margin=&#8221;no&#8221;]\t\t<div id=\"wd-671537a37ba6c\" class=\"wd-image wd-wpb wd-rs-671537a37ba6c text-left \">\n\t\t\t\n\t\t\t<img loading=\"lazy\" decoding=\"async\" width=\"1920\" height=\"661\" src=\"https:\/\/akordent.com\/wp-content\/uploads\/2024\/10\/periodontoloji-banner.jpg\" class=\"attachment-full size-full\" alt=\"\" srcset=\"https:\/\/akordent.com\/wp-content\/uploads\/2024\/10\/periodontoloji-banner.jpg 1920w, https:\/\/akordent.com\/wp-content\/uploads\/2024\/10\/periodontoloji-banner-400x138.jpg 400w, https:\/\/akordent.com\/wp-content\/uploads\/2024\/10\/periodontoloji-banner-1300x448.jpg 1300w, https:\/\/akordent.com\/wp-content\/uploads\/2024\/10\/periodontoloji-banner-768x264.jpg 768w, https:\/\/akordent.com\/wp-content\/uploads\/2024\/10\/periodontoloji-banner-1536x529.jpg 1536w, https:\/\/akordent.com\/wp-content\/uploads\/2024\/10\/periodontoloji-banner-430x148.jpg 430w, https:\/\/akordent.com\/wp-content\/uploads\/2024\/10\/periodontoloji-banner-700x241.jpg 700w, https:\/\/akordent.com\/wp-content\/uploads\/2024\/10\/periodontoloji-banner-150x52.jpg 150w\" sizes=\"auto, (max-width: 1920px) 100vw, 1920px\" \/>\n\t\t\t\t\t<\/div>\n\t\t[\/vc_column][\/vc_row][vc_row][vc_column][vc_empty_space height=&#8221;20px&#8221; woodmart_hide_large=&#8221;0&#8243; woodmart_hide_medium=&#8221;0&#8243; woodmart_hide_small=&#8221;0&#8243;]\t\t\t<link rel=\"stylesheet\" id=\"wd-section-title-css\" href=\"https:\/\/akordent.com\/wp-content\/themes\/woodmart\/css\/parts\/el-section-title.min.css?ver=7.6.0\" type=\"text\/css\" media=\"all\" \/> \t\t\t\t\t\t<link rel=\"stylesheet\" id=\"wd-mod-highlighted-text-css\" href=\"https:\/\/akordent.com\/wp-content\/themes\/woodmart\/css\/parts\/mod-highlighted-text.min.css?ver=7.6.0\" type=\"text\/css\" media=\"all\" \/> \t\t\t\n\t\t<div id=\"wd-6715371f82ba1\" class=\"title-wrapper wd-wpb set-mb-s reset-last-child  wd-rs-6715371f82ba1 wd-title-color-default wd-title-style-default text-left vc_custom_1729443623366 wd-underline-colored\">\n\t\t\t\n\t\t\t<div class=\"liner-continer\">\n\t\t\t\t<h4 class=\"woodmart-title-container title  wd-font-weight-700 wd-fontsize-m\" >PERIODONTOLOGY \/ GUM TREATMENTS<\/h4>\n\t\t\t\t\t\t\t<\/div>\n\t\t\t\n\t\t\t\n\t\t\t\n\t\t<\/div>\n\t\t\n\t\t[vc_empty_space height=&#8221;20px&#8221; woodmart_hide_large=&#8221;0&#8243; woodmart_hide_medium=&#8221;0&#8243; woodmart_hide_small=&#8221;0&#8243;][vc_column_text css=&#8221;&#8221; woodmart_inline=&#8221;no&#8221; text_larger=&#8221;no&#8221;]<\/p>\n<h3>What is Periodontics?<\/h3>\n<p>Periodontics is the branch of dentistry that deals with gum diseases and their treatments. This branch deals with the gums and bones, which are the tissues around the teeth. The two most common types of gum diseases are &#8220;gingivitis&#8221; and &#8220;periodontitis&#8221;.<\/p>\n<h3>What is Gingivitis?<\/h3>\n<p>Gingivitis is the initial stage of gum disease. The gums become red, swollen and begin to bleed. At this stage, there is no bone loss in the bone supporting the teeth. It usually occurs due to inadequate oral hygiene. With appropriate treatment and oral care, gums can regain their health.<\/p>\n<h3>What is Periodontitis?<\/h3>\n<p>If left untreated, gingivitis can turn into periodontitis. Bacteria accumulated in plaque irritate the gum tissue and cause the gums and bone to break down. The gums separate from the teeth, creating pockets. As these pockets deepen, bone destruction progresses and can lead to tooth loss if left untreated.<\/p>\n<h3>Types of Periodontitis :<\/h3>\n<p>\u2022 Aggressive Periodontitis : Associated with rapid bone loss and genetic predisposition.<br \/>\n\u2022 Kronik Periodontitis: Yayg\u0131n g\u00f6r\u00fclen formdur ve di\u015fleri destekleyen dokulardaki enflamasyonun ilerlemesiyle karakterizedir.<br \/>\n\u2022 Sistemik Hastal\u0131klarla \u0130li\u015fkili Periodontitis: Diyabet, kalp hastal\u0131klar\u0131 gibi sistemik hastal\u0131klarla ba\u011flant\u0131l\u0131d\u0131r.<br \/>\n\u2022 Nekrotik Periodontal Hastal\u0131k: Di\u015feti ve \u00e7evre dokular\u0131n nekrozuyla karakterize, bula\u015f\u0131c\u0131 bir hastal\u0131kt\u0131r.<\/p>\n<h3>Risk Factors for Gum Disease :<\/h3>\n<ul>\n<li>Age : Weight is seen more frequently in elderly individuals .\u200b\u200b\u200b\u200b<\/li>\n<li>Cigarettes \/ Tobacco Products : Smoking increases the risk of periodontal disease .\u200b\u200b\u200b\u200b\u200b\u200b<\/li>\n<li>Genetics : Genetic predisposition increases the risk of gum disease .\u200b\u200b<\/li>\n<li>Stress: Stress negatively affects the fight against infection .<\/li>\n<li>Medications : Some medications such as birth control pills and antidepressants can affect oral health .\u200b\u200b\u200b<\/li>\n<li>Teeth Clenching \/ Grinding : It can damage periodontal tissues by applying excessive force to the teeth .<\/li>\n<li>Systemic Diseases : Diseases such as diabetes and heart diseases negatively affect gum health<\/li>\n<li>Malnutrition \/ Obesity : Weakens the immune system and negatively affects gum health .\u200b\u200b\u200b\u200b\u200b\u200b\u200b<\/li>\n<\/ul>\n<h3>Symptoms of Gum Diseases :<\/h3>\n<ul>\n<li>Redness, swelling and sensitivity in the gums\u200b\u200b\u200b\u200b\u200b<\/li>\n<li>Bleeding during tooth brushing\u200b\u200b\u200b\u200b\u200b\u200b\u200b<\/li>\n<li>Gum recession\u200b\u200b\u200b<\/li>\n<li>Tooth loss or gaps in teeth\u200b<\/li>\n<li>Bad breath and wounds<\/li>\n<\/ul>\n<h3>How is Gum Disease ( Periodontitis ) Diagnosed ?<\/h3>\n<ul>\n<li>The dentist will first perform an exam to determine if gum recession (periodontitis) is present and, if so, how severe it is. During this exam, the dentist will review the patient &#8216;s medical history to identify factors that may be contributing to the symptoms, such as smoking or the use of certain medications that can cause dry mouth .<\/li>\n<li>Examine the patient&#8217;s mouth to check for plaque and tartar buildup and check for easy bleeding .<\/li>\n<li>He \/ she will measure the depth of the pockets between the gums and teeth at various points in the mouth by placing a dental probe next to the tooth. In a healthy mouth, pocket depth is usually between 1 and 3 millimeters. Pockets deeper than 4 millimeters may indicate the presence of periodontitis. Pockets deeper than 5 millimeters may not be cleaned properly and may require intervention .<\/li>\n<li>Dental X &#8211; rays will be taken to check for bone loss in areas where deep pockets are observed .<\/li>\n<li>After these steps, the dentist can determine a stage and degree of gum recession (periodontitis) depending on the severity of the disease, the complexity of the treatment, existing risk factors and the general health status of the patient .<\/li>\n<\/ul>\n<h3>Prevention of Gum Diseases :<\/h3>\n<ul>\n<li>Brushing Teeth : Teeth and gums should be cleaned after meals.<\/li>\n<li>Using Dental Floss : Cleans the plaque between teeth.\u200b\u200b\u200b<\/li>\n<li>Use of mouthwash : Helps with mechanical cleaning.\u200b\u200b<\/li>\n<li>Knowing Risk Factors : Factors such as smoking and diabetes should be taken into consideration.<\/li>\n<li>Regular Dentist Check -up : Check-up every 6 months is necessary.<\/li>\n<\/ul>\n<h3>Treatment of Gum Diseases :<\/h3>\n<ul>\n<li>Non &#8211; surgical Treatment : Dental tartar cleaning and root surface smoothing .<\/li>\n<li>Surgical Treatment: Surgical cleaning of periodontal pockets and application of bone graft when necessary.<\/li>\n<\/ul>\n<h3>Gum Recession:<\/h3>\n<ul>\n<li>Treatment Methods : Depending on the reason for the withdrawal, conservative methods and surgical treatments are applied.<\/li>\n<\/ul>\n<h3>Gum Enlargements:<\/h3>\n<ul>\n<li>Causes: Bacterial infection, hormonal changes, some medications and all moral reasons .<\/li>\n<li>Treatment : Surgical removal of the enlarged tissues .\u200b\u200b\u200b\u200b<\/li>\n<\/ul>\n<h3>Periodontal Plastic Surgery:<\/h3>\n<ul>\n<li>Smile design, gum leveling, treatment of gum recession and other aesthetic procedures .\u200b\u200b\u200b\u200b<\/li>\n<\/ul>\n<h3>Peri &#8211; implant Diseases :<\/h3>\n<ul>\n<li>Peri-implant Mucositis: There is no inflammation in the soft tissue or bone destruction .<\/li>\n<li>Peri-implantitis: Inflammation that causes bone destruction requires surgical treatment .<\/li>\n<\/ul>\n<h3>Laser Applications in Dentistry :<\/h3>\n<ul>\n<li>Soft Tissue Lasers: Procedures such as gingivectomy, gingivoplasty, frenectomy .<\/li>\n<li>Hard Tissue Lasers: Caries removal, bone surgery, root canal sterilization .<\/li>\n<li>Teeth Whitening : Laser &#8211; activated whitening agents are used .<\/li>\n<\/ul>\n<p>Laser technology simplifies surgical procedures in dentistry, provides bleeding &#8211; free operations and offers a rapid healing process. The use of protective eyewear is essential during applications .\u200b\u200b\u200b\u200b\u200b[\/vc_column_text][\/vc_column][\/vc_row]<\/p>\n<\/div>","protected":false},"excerpt":{"rendered":"<p>[vc_row woodmart_stretch_content=&#8221;section-stretch-content-no-pd&#8221; woodmart_css_id=&#8221;67153409ccc9d&#8221; responsive_spacing=&#8221;eyJwYXJhbV90eXBlIjoid29vZG1hcnRfcmVzcG9uc2l2ZV9zcGFjaW5nIiwic2VsZWN0b3JfaWQiOiI2NzE1MzQwOWNjYzlkIiwic2hvcnRjb2RlIjoidmNfcm93IiwiZGF0YSI6eyJ0YWJsZXQiOnt9LCJtb2JpbGUiOnt9fX0=&#8221; mobile_bg_img_hidden=&#8221;no&#8221; tablet_bg_img_hidden=&#8221;no&#8221; woodmart_parallax=&#8221;0&#8243; woodmart_gradient_switch=&#8221;no&#8221; woodmart_box_shadow=&#8221;no&#8221; wd_z_index=&#8221;no&#8221; woodmart_disable_overflow=&#8221;0&#8243; row_reverse_mobile=&#8221;0&#8243; row_reverse_tablet=&#8221;0&#8243;][vc_column css=&#8221;.vc_custom_1559911414329{padding-top: 0px !important;}&#8221; mobile_bg_img_hidden=&#8221;no&#8221; tablet_bg_img_hidden=&#8221;no&#8221; woodmart_parallax=&#8221;0&#8243; woodmart_sticky_column=&#8221;false&#8221;<\/p>\n","protected":false},"author":1,"featured_media":0,"parent":0,"menu_order":0,"comment_status":"closed","ping_status":"closed","template":"","meta":{"footnotes":""},"class_list":["post-10394","page","type-page","status-publish","hentry"],"_links":{"self":[{"href":"https:\/\/akordent.com\/en\/wp-json\/wp\/v2\/pages\/10394","targetHints":{"allow":["GET"]}}],"collection":[{"href":"https:\/\/akordent.com\/en\/wp-json\/wp\/v2\/pages"}],"about":[{"href":"https:\/\/akordent.com\/en\/wp-json\/wp\/v2\/types\/page"}],"author":[{"embeddable":true,"href":"https:\/\/akordent.com\/en\/wp-json\/wp\/v2\/users\/1"}],"replies":[{"embeddable":true,"href":"https:\/\/akordent.com\/en\/wp-json\/wp\/v2\/comments?post=10394"}],"version-history":[{"count":4,"href":"https:\/\/akordent.com\/en\/wp-json\/wp\/v2\/pages\/10394\/revisions"}],"predecessor-version":[{"id":10399,"href":"https:\/\/akordent.com\/en\/wp-json\/wp\/v2\/pages\/10394\/revisions\/10399"}],"wp:attachment":[{"href":"https:\/\/akordent.com\/en\/wp-json\/wp\/v2\/media?parent=10394"}],"curies":[{"name":"wp","href":"https:\/\/api.w.org\/{rel}","templated":true}]}}