{"id":10429,"date":"2024-10-24T14:07:56","date_gmt":"2024-10-24T14:07:56","guid":{"rendered":"https:\/\/akordent.com\/dental-tourism\/"},"modified":"2024-11-26T17:03:13","modified_gmt":"2024-11-26T17:03:13","slug":"dental-tourism","status":"publish","type":"page","link":"https:\/\/akordent.com\/en\/dental-tourism\/","title":{"rendered":"Dental Tourism"},"content":{"rendered":"<div class=\"wpb-content-wrapper\"><p>[vc_row woodmart_stretch_content=&#8221;section-stretch-content-no-pd&#8221; woodmart_css_id=&#8221;67153409ccc9d&#8221; responsive_spacing=&#8221;eyJwYXJhbV90eXBlIjoid29vZG1hcnRfcmVzcG9uc2l2ZV9zcGFjaW5nIiwic2VsZWN0b3JfaWQiOiI2NzE1MzQwOWNjYzlkIiwic2hvcnRjb2RlIjoidmNfcm93IiwiZGF0YSI6eyJ0YWJsZXQiOnt9LCJtb2JpbGUiOnt9fX0=&#8221; mobile_bg_img_hidden=&#8221;no&#8221; tablet_bg_img_hidden=&#8221;no&#8221; woodmart_parallax=&#8221;0&#8243; woodmart_gradient_switch=&#8221;no&#8221; woodmart_box_shadow=&#8221;no&#8221; wd_z_index=&#8221;no&#8221; woodmart_disable_overflow=&#8221;0&#8243; row_reverse_mobile=&#8221;0&#8243; row_reverse_tablet=&#8221;0&#8243;][vc_column css=&#8221;.vc_custom_1559911414329{padding-top: 0px !important;}&#8221; mobile_bg_img_hidden=&#8221;no&#8221; tablet_bg_img_hidden=&#8221;no&#8221; woodmart_parallax=&#8221;0&#8243; woodmart_sticky_column=&#8221;false&#8221; parallax_scroll=&#8221;no&#8221; mobile_reset_margin=&#8221;no&#8221; tablet_reset_margin=&#8221;no&#8221;]\t\t<div id=\"wd-671a54c094dcc\" class=\"wd-image wd-wpb wd-rs-671a54c094dcc text-left \">\n\t\t\t\n\t\t\t<img loading=\"lazy\" decoding=\"async\" width=\"1920\" height=\"700\" src=\"https:\/\/akordent.com\/wp-content\/uploads\/2024\/10\/banner_saglik_turizmi_02.jpg\" class=\"attachment-full size-full\" alt=\"\" srcset=\"https:\/\/akordent.com\/wp-content\/uploads\/2024\/10\/banner_saglik_turizmi_02.jpg 1920w, https:\/\/akordent.com\/wp-content\/uploads\/2024\/10\/banner_saglik_turizmi_02-400x146.jpg 400w, https:\/\/akordent.com\/wp-content\/uploads\/2024\/10\/banner_saglik_turizmi_02-1300x474.jpg 1300w, https:\/\/akordent.com\/wp-content\/uploads\/2024\/10\/banner_saglik_turizmi_02-768x280.jpg 768w, https:\/\/akordent.com\/wp-content\/uploads\/2024\/10\/banner_saglik_turizmi_02-1536x560.jpg 1536w, https:\/\/akordent.com\/wp-content\/uploads\/2024\/10\/banner_saglik_turizmi_02-430x157.jpg 430w, https:\/\/akordent.com\/wp-content\/uploads\/2024\/10\/banner_saglik_turizmi_02-700x255.jpg 700w, https:\/\/akordent.com\/wp-content\/uploads\/2024\/10\/banner_saglik_turizmi_02-150x55.jpg 150w\" sizes=\"auto, (max-width: 1920px) 100vw, 1920px\" \/>\n\t\t\t\t\t<\/div>\n\t\t[\/vc_column][\/vc_row][vc_row][vc_column][vc_empty_space height=&#8221;20px&#8221; woodmart_hide_large=&#8221;0&#8243; woodmart_hide_medium=&#8221;0&#8243; woodmart_hide_small=&#8221;0&#8243;]\t\t\t<link rel=\"stylesheet\" id=\"wd-section-title-css\" href=\"https:\/\/akordent.com\/wp-content\/themes\/woodmart\/css\/parts\/el-section-title.min.css?ver=7.6.0\" type=\"text\/css\" media=\"all\" \/> \t\t\t\t\t\t<link rel=\"stylesheet\" id=\"wd-mod-highlighted-text-css\" href=\"https:\/\/akordent.com\/wp-content\/themes\/woodmart\/css\/parts\/mod-highlighted-text.min.css?ver=7.6.0\" type=\"text\/css\" media=\"all\" \/> \t\t\t\n\t\t<div id=\"wd-67449c32ca0c6\" class=\"title-wrapper wd-wpb set-mb-s reset-last-child  wd-rs-67449c32ca0c6 wd-title-color-default wd-title-style-default text-left vc_custom_1732549689691 wd-underline-colored\">\n\t\t\t\n\t\t\t<div class=\"liner-continer\">\n\t\t\t\t<h4 class=\"woodmart-title-container title  wd-font-weight-700 wd-fontsize-m\" >DENTAL TOURISM<\/h4>\n\t\t\t\t\t\t\t<\/div>\n\t\t\t\n\t\t\t\n\t\t\t\n\t\t<\/div>\n\t\t\n\t\t[vc_empty_space height=&#8221;20px&#8221; woodmart_hide_large=&#8221;0&#8243; woodmart_hide_medium=&#8221;0&#8243; woodmart_hide_small=&#8221;0&#8243;][vc_column_text css=&#8221;&#8221; woodmart_inline=&#8221;no&#8221; text_larger=&#8221;no&#8221;]<\/p>\n<p class=\"p1\"><span style=\"font-size: 14pt;\">AkorDent Dental Clinic specializes in the field of international health tourism and holds all the necessary certificates for health tourism. Located in Bursa, a city known for its historical and natural beauty, our clinic is equipped with modern technologies and offers services with experienced dentists in their field. <\/span><\/p>\n<p class=\"p1\"><span style=\"font-size: 14pt;\">Bursa is a trademark city located just one hour from Sabiha G\u00f6k\u00e7en International Airport in Istanbul. This city is a UNESCO World Heritage site\u2026<\/span><\/p>\n<p>[\/vc_column_text][\/vc_column][\/vc_row][vc_row woodmart_stretch_content=&#8221;section-stretch&#8221; css=&#8221;.vc_custom_1729778846939{background-color: #F7F7F7 !important;}&#8221; woodmart_css_id=&#8221;671a548f3f3e2&#8243; responsive_spacing=&#8221;eyJwYXJhbV90eXBlIjoid29vZG1hcnRfcmVzcG9uc2l2ZV9zcGFjaW5nIiwic2VsZWN0b3JfaWQiOiI2NzFhNTQ4ZjNmM2UyIiwic2hvcnRjb2RlIjoidmNfcm93IiwiZGF0YSI6eyJ0YWJsZXQiOnt9LCJtb2JpbGUiOnt9fX0=&#8221; mobile_bg_img_hidden=&#8221;no&#8221; tablet_bg_img_hidden=&#8221;no&#8221; woodmart_parallax=&#8221;0&#8243; woodmart_gradient_switch=&#8221;no&#8221; woodmart_box_shadow=&#8221;no&#8221; wd_z_index=&#8221;no&#8221; woodmart_disable_overflow=&#8221;0&#8243; row_reverse_mobile=&#8221;0&#8243; row_reverse_tablet=&#8221;0&#8243;][vc_column][vc_column_text css=&#8221;&#8221; woodmart_inline=&#8221;no&#8221; text_larger=&#8221;no&#8221;]<\/p>\n<h3>Required Information for Consultation and Treatment Planning<\/h3>\n<p class=\"p1\"><strong><span style=\"font-size: 14pt;\">To ensure the best possible treatment planning, please provide the following information:<\/span><\/strong><\/p>\n<ul>\n<li class=\"p1\"><span style=\"font-size: 14pt;\">Current complaints related to the health of your teeth or any pre-prepared treatment plans.<\/span><\/li>\n<li class=\"p1\"><span style=\"font-size: 14pt;\">If available, results from X-rays and internal images of the oral cavity.<\/span><\/li>\n<\/ul>\n<p class=\"p1\"><span style=\"font-size: 14pt;\">Based on this information, our specialist dentists will prepare the most appropriate treatment plan and contact you as soon as possible.<\/span><\/p>\n<p class=\"p1\"><strong><span style=\"font-size: 14pt;\">Treatment Planning and Offer Preparation Process<\/span><\/strong><\/p>\n<p class=\"p1\"><span style=\"font-size: 14pt;\">Once we receive your message, we will provide detailed information on the following topics:<\/span><\/p>\n<ul>\n<li class=\"p1\"><span style=\"font-size: 14pt;\">Recommended treatment options and processes.<\/span><\/li>\n<li class=\"p1\"><span style=\"font-size: 14pt;\">Expected duration of treatment.<\/span><\/li>\n<li class=\"p1\"><span style=\"font-size: 14pt;\">Costs and payment conditions.<\/span><\/li>\n<li class=\"p1\"><span style=\"font-size: 14pt;\">Your stay in Turkey and other necessary logistical recommendations.<\/span><\/li>\n<\/ul>\n<p class=\"p1\"><span style=\"font-size: 14pt;\">All this information is carefully prepared to provide you with the most suitable solutions.<\/span><\/p>\n<p class=\"p1\"><strong><span style=\"font-size: 14pt;\">Appointment Scheduling<\/span><\/strong><\/p>\n<p class=\"p1\"><span style=\"font-size: 14pt;\">After you agree with the treatment plan, your appointment will be scheduled at a time that is convenient for you. This process is organized carefully to ensure your comfort and meet the needs of the treatment.<\/span><\/p>\n<p>[\/vc_column_text][\/vc_column][\/vc_row][vc_row][vc_column][vc_column_text css=&#8221;&#8221; woodmart_inline=&#8221;no&#8221; text_larger=&#8221;no&#8221;]<\/p>\n<h3 class=\"p1\"><span style=\"font-size: 14pt;\"><b>FOUR SEASONS BURSA<\/b><\/span><\/h3>\n<p class=\"p3\"><span style=\"font-size: 14pt;\">A city of history and culture with deeply rooted heritage &#8211; Bursa, the first capital of the Ottoman Empire\u2026 A mother embracing many civilizations\u2026 Bursa, a city of culture and history, carrying the spatial and architectural characteristics of the transition from Rome, Byzantium, Seljuks to the Ottoman and Republic periods to the present day. Bursa, a city of culture and arts, with its festivals, authentic and folkloric events, folk dances, Hacivat-Karag\u00f6z, and Mehter dance (shield and sword).<\/span><\/p>\n<p class=\"p3\"><span style=\"font-size: 14pt;\">In Iznik, near Bursa, you will discover the 15th-16th centuries with the wealth of unique artifacts from the Bithynian, Roman, and Ottoman periods; Bursa is one of the most important cities in Turkey in terms of thermal tourism, as well as historical, cultural, and religious tourism, and the largest center for winter and nature sports in Turkey with Mount Uluda\u011f right next to it, the jewel of the Marmara region. The thermal springs of Oylat, K\u00fc\u00e7\u00fckurtlu, and T\u00fcmb\u00fcldek, the waterfalls of Saitabat and Suu\u00e7tu, its wide fertile plains, and especially its rich vegetation and caves\u2014nature\u2019s wonders\u2014green Bursa\u2026 Bursa, the fourth-largest city in Turkey, is an industrial and commercial hub that not only boasts natural beauties but also elevates its industry and technology to the level of advanced countries worldwide\u2026 Bursa with its silk cocoons, silk, and textile\u2026<\/span><\/p>\n<p>[\/vc_column_text][\/vc_column][\/vc_row]<\/p>\n<\/div>","protected":false},"excerpt":{"rendered":"<p>[vc_row woodmart_stretch_content=&#8221;section-stretch-content-no-pd&#8221; woodmart_css_id=&#8221;67153409ccc9d&#8221; responsive_spacing=&#8221;eyJwYXJhbV90eXBlIjoid29vZG1hcnRfcmVzcG9uc2l2ZV9zcGFjaW5nIiwic2VsZWN0b3JfaWQiOiI2NzE1MzQwOWNjYzlkIiwic2hvcnRjb2RlIjoidmNfcm93IiwiZGF0YSI6eyJ0YWJsZXQiOnt9LCJtb2JpbGUiOnt9fX0=&#8221; mobile_bg_img_hidden=&#8221;no&#8221; tablet_bg_img_hidden=&#8221;no&#8221; woodmart_parallax=&#8221;0&#8243; woodmart_gradient_switch=&#8221;no&#8221; woodmart_box_shadow=&#8221;no&#8221; wd_z_index=&#8221;no&#8221; woodmart_disable_overflow=&#8221;0&#8243; row_reverse_mobile=&#8221;0&#8243; row_reverse_tablet=&#8221;0&#8243;][vc_column css=&#8221;.vc_custom_1559911414329{padding-top: 0px !important;}&#8221; mobile_bg_img_hidden=&#8221;no&#8221; tablet_bg_img_hidden=&#8221;no&#8221; woodmart_parallax=&#8221;0&#8243; woodmart_sticky_column=&#8221;false&#8221;<\/p>\n","protected":false},"author":1,"featured_media":0,"parent":0,"menu_order":0,"comment_status":"closed","ping_status":"closed","template":"","meta":{"footnotes":""},"class_list":["post-10429","page","type-page","status-publish","hentry"],"_links":{"self":[{"href":"https:\/\/akordent.com\/en\/wp-json\/wp\/v2\/pages\/10429","targetHints":{"allow":["GET"]}}],"collection":[{"href":"https:\/\/akordent.com\/en\/wp-json\/wp\/v2\/pages"}],"about":[{"href":"https:\/\/akordent.com\/en\/wp-json\/wp\/v2\/types\/page"}],"author":[{"embeddable":true,"href":"https:\/\/akordent.com\/en\/wp-json\/wp\/v2\/users\/1"}],"replies":[{"embeddable":true,"href":"https:\/\/akordent.com\/en\/wp-json\/wp\/v2\/comments?post=10429"}],"version-history":[{"count":4,"href":"https:\/\/akordent.com\/en\/wp-json\/wp\/v2\/pages\/10429\/revisions"}],"predecessor-version":[{"id":10434,"href":"https:\/\/akordent.com\/en\/wp-json\/wp\/v2\/pages\/10429\/revisions\/10434"}],"wp:attachment":[{"href":"https:\/\/akordent.com\/en\/wp-json\/wp\/v2\/media?parent=10429"}],"curies":[{"name":"wp","href":"https:\/\/api.w.org\/{rel}","templated":true}]}}